{"id":6473,"date":"2023-04-13T12:02:29","date_gmt":"2023-04-13T11:02:29","guid":{"rendered":"http:\/\/test.vatterleden.se\/?page_id=6473"},"modified":"2023-04-13T15:28:13","modified_gmt":"2023-04-13T14:28:13","slug":"gruppen","status":"publish","type":"page","link":"https:\/\/www.vatterleden.se\/de\/gruppen\/","title":{"rendered":"Gruppen"},"content":{"rendered":"\n\n\t<section class=\"section sectioncolored dark\" id=\"section_2104740959\">\n\t\t<div class=\"section-bg fill\" >\n\t\t\t\t\t\t\t\t\t\n\t\t\t\n\n\t\t<\/div>\n\n\t\t\n\n\t\t<div class=\"section-content relative\">\n\t\t\t\n\n\t<div id=\"gap-205540827\" class=\"gap-element clearfix\" style=\"display:block; height:auto;\">\n\t\t\n<style>\n#gap-205540827 {\n  padding-top: 110px;\n}\n@media (min-width:550px) {\n  #gap-205540827 {\n    padding-top: 150px;\n  }\n}\n<\/style>\n\t<\/div>\n\t\n\n<div class=\"row\"  id=\"row-1267883001\">\n\n\n\t<div id=\"col-1383283374\" class=\"col small-12 large-12\"  >\n\t\t\t\t<div class=\"col-inner\"  >\n\t\t\t\n\t\t\t\n\n<h1>Gruppen \u2013 gut und komfortabel speisen<\/h1>\n\n\t\t<\/div>\n\t\t\t\t\n<style>\n#col-1383283374 > .col-inner {\n  margin: 0px 0px -20px 0px;\n}\n@media (min-width:550px) {\n  #col-1383283374 > .col-inner {\n    margin: 0px 0px -20px 0px;\n  }\n}\n@media (min-width:850px) {\n  #col-1383283374 > .col-inner {\n    margin: 0px 0px -20px 0px;\n  }\n}\n<\/style>\n\t<\/div>\n\n\t\n\n\t<div id=\"col-1760061734\" class=\"col medium-6 small-12 large-6\"  >\n\t\t\t\t<div class=\"col-inner\"  >\n\t\t\t\n\t\t\t\n\n<p>Sie m\u00f6chten mit einer gr\u00f6\u00dferen Gruppe bei uns einkehren? Damit der Service schnell und reibungslos abl\u00e4uft, k\u00f6nnen Sie die Kaffeepause oder Speisen vorbestellen. Bestellen Sie im Voraus maximal drei verschiedene Angebote aus der unten stehenden Speisekarte zu besonders g\u00fcnstigen Preisen. Ihr gedeckter Tisch erwartet Sie. Reiseleiter und Fahrer w\u00e4hlen frei aus unserem \u00c0-la-carte-Angebot. Wenn Sie nicht im Voraus buchen m\u00f6chten, empfehlen wir Ihnen dennoch, uns vorher anzurufen, damit wir uns auf eine gr\u00f6\u00dfere Gruppe einstellen k\u00f6nnen.<\/p>\n\n\t\t<\/div>\n\t\t\t\t\n<style>\n#col-1760061734 > .col-inner {\n  margin: 0px 0px -20px 0px;\n}\n@media (min-width:550px) {\n  #col-1760061734 > .col-inner {\n    margin: 0px 0px 0px 0px;\n  }\n}\n@media (min-width:850px) {\n  #col-1760061734 > .col-inner {\n    margin: 0px 0px 0 0px;\n  }\n}\n<\/style>\n\t<\/div>\n\n\t\n\n\t<div id=\"col-1231993375\" class=\"col medium-6 small-12 large-6\"  >\n\t\t\t\t<div class=\"col-inner\"  >\n\t\t\t\n\t\t\t\n\n<p>Sind Sie eine gr\u00f6\u00dfere Gesellschaft, die nicht nur essen, sondern auch \u00fcbernachten m\u00f6chte? Wir bieten Hotelzimmer mit kostenlosem WLAN-Zugang und besonders g\u00fcnstige Preise f\u00fcr Unterkunft und Halbpension bei der Buchung von Zimmern f\u00fcr gr\u00f6\u00dfere Gruppen. Rufen Sie uns an oder schicken Sie uns eine E-Mail und wir erstellen Ihnen ein Angebot f\u00fcr Ihre Gruppe. Busfahrer erhalten attraktive Preise, wenn sie bei der Reisegesellschaft verbleiben m\u00f6chten.<\/p>\n\n\t\t<\/div>\n\t\t\t\t\t<\/div>\n\n\t\n\n<\/div>\n\t<div id=\"gap-1441385003\" class=\"gap-element clearfix\" style=\"display:block; height:auto;\">\n\t\t\n<style>\n#gap-1441385003 {\n  padding-top: 15px;\n}\n@media (min-width:550px) {\n  #gap-1441385003 {\n    padding-top: 30px;\n  }\n}\n<\/style>\n\t<\/div>\n\t\n\n<div class=\"row\"  id=\"row-1312755124\">\n\n\n\t<div id=\"col-484363764\" class=\"col small-12 large-12\"  >\n\t\t\t\t<div class=\"col-inner text-center\"  >\n\t\t\t\n\t\t\t\n\n\t<div id=\"text-915452944\" class=\"text boldtext\">\n\t\t\n\n<p style=\"max-width: 450px; margin: auto;\">Sie sind Busfahrer? F\u00fcr Busfahrer, die \u00fcbernachten m\u00f6chten, bieten wir besonders g\u00fcnstige Konditionen f\u00fcr Zimmer an.<\/p>\n\t\t\t<\/div>\n\t\n\t<div id=\"gap-175729472\" class=\"gap-element clearfix\" style=\"display:block; height:auto;\">\n\t\t\n<style>\n#gap-175729472 {\n  padding-top: 15px;\n}\n@media (min-width:550px) {\n  #gap-175729472 {\n    padding-top: 15px;\n  }\n}\n<\/style>\n\t<\/div>\n\t\n\n<a href=\"\/de\/kontakt\/\" class=\"button alert buttonlength\"  >\n\t\t<span>KONTAKTIEREN SIE UNS<\/span>\n\t<\/a>\n\n\n\n\t\t<\/div>\n\t\t\t\t\t<\/div>\n\n\t\n\n<\/div>\n\t<div id=\"gap-682705682\" class=\"gap-element clearfix\" style=\"display:block; height:auto;\">\n\t\t\n<style>\n#gap-682705682 {\n  padding-top: 15px;\n}\n@media (min-width:550px) {\n  #gap-682705682 {\n    padding-top: 30px;\n  }\n}\n<\/style>\n\t<\/div>\n\t\n\n<div class=\"row\"  id=\"row-1514801434\">\n\n\n\t<div id=\"col-22056439\" class=\"col medium-4 small-12 large-4\"  >\n\t\t\t\t<div class=\"col-inner\"  >\n\t\t\t\n\t\t\t\n\n\n  <div class=\"banner has-hover\" id=\"banner-1384571478\">\n          <div class=\"banner-inner fill\">\n        <div class=\"banner-bg fill\" >\n            <img loading=\"lazy\" decoding=\"async\" width=\"960\" height=\"638\" src=\"https:\/\/www.vatterleden.se\/wp-content\/uploads\/2023\/03\/DSC01512-960x638.jpg\" class=\"bg attachment-medium size-medium\" alt=\"\" \/>                                    \n                    <\/div>\n\t\t\n        <div class=\"banner-layers container\">\n            <div class=\"fill banner-link\"><\/div>            \n\n\n        <\/div>\n      <\/div>\n\n            \n<style>\n#banner-1384571478 {\n  padding-top: 200px;\n}\n#banner-1384571478 .banner-bg img {\n  object-position: 44% 53%;\n}\n@media (min-width:550px) {\n  #banner-1384571478 {\n    padding-top: 300px;\n  }\n}\n@media (min-width:850px) {\n  #banner-1384571478 {\n    padding-top: 115%;\n  }\n}\n<\/style>\n  <\/div>\n\n\n\n\t\t<\/div>\n\t\t\t\t\n<style>\n#col-22056439 > .col-inner {\n  margin: 0px 0px 0 0px;\n}\n@media (min-width:550px) {\n  #col-22056439 > .col-inner {\n    margin: 0px 0px -30px 0px;\n  }\n}\n@media (min-width:850px) {\n  #col-22056439 > .col-inner {\n    margin: 0px 0px -30px 0px;\n  }\n}\n<\/style>\n\t<\/div>\n\n\t\n\n\t<div id=\"col-916333833\" class=\"col medium-4 small-12 large-4\"  >\n\t\t\t\t<div class=\"col-inner\"  >\n\t\t\t\n\t\t\t\n\n\n  <div class=\"banner has-hover\" id=\"banner-397099358\">\n          <div class=\"banner-inner fill\">\n        <div class=\"banner-bg fill\" >\n            <img loading=\"lazy\" decoding=\"async\" width=\"960\" height=\"638\" src=\"https:\/\/www.vatterleden.se\/wp-content\/uploads\/2023\/03\/DSC01819-960x638.jpg\" class=\"bg attachment-medium size-medium\" alt=\"\" \/>                                    \n                    <\/div>\n\t\t\n        <div class=\"banner-layers container\">\n            <div class=\"fill banner-link\"><\/div>            \n\n\n        <\/div>\n      <\/div>\n\n            \n<style>\n#banner-397099358 {\n  padding-top: 200px;\n}\n#banner-397099358 .banner-bg img {\n  object-position: 19% 70%;\n}\n@media (min-width:550px) {\n  #banner-397099358 {\n    padding-top: 300px;\n  }\n}\n@media (min-width:850px) {\n  #banner-397099358 {\n    padding-top: 115%;\n  }\n}\n<\/style>\n  <\/div>\n\n\n\n\t\t<\/div>\n\t\t\t\t\n<style>\n#col-916333833 > .col-inner {\n  margin: 0px 0px -30px 0px;\n}\n@media (min-width:850px) {\n  #col-916333833 > .col-inner {\n    margin: 0px 0px -30px 0px;\n  }\n}\n<\/style>\n\t<\/div>\n\n\t\n\n\t<div id=\"col-862183862\" class=\"col medium-4 small-12 large-4\"  >\n\t\t\t\t<div class=\"col-inner\"  >\n\t\t\t\n\t\t\t\n\n\n  <div class=\"banner has-hover\" id=\"banner-1325611300\">\n          <div class=\"banner-inner fill\">\n        <div class=\"banner-bg fill\" >\n            <img loading=\"lazy\" decoding=\"async\" width=\"960\" height=\"638\" src=\"https:\/\/www.vatterleden.se\/wp-content\/uploads\/2023\/03\/DSC01210-960x638.jpg\" class=\"bg attachment-medium size-medium\" alt=\"\" \/>                                    \n                    <\/div>\n\t\t\n        <div class=\"banner-layers container\">\n            <div class=\"fill banner-link\"><\/div>            \n\n\n        <\/div>\n      <\/div>\n\n            \n<style>\n#banner-1325611300 {\n  padding-top: 200px;\n}\n#banner-1325611300 .banner-bg img {\n  object-position: 44% 35%;\n}\n@media (min-width:550px) {\n  #banner-1325611300 {\n    padding-top: 300px;\n  }\n}\n@media (min-width:850px) {\n  #banner-1325611300 {\n    padding-top: 115%;\n  }\n}\n<\/style>\n  <\/div>\n\n\n\n\t\t<\/div>\n\t\t\t\t\n<style>\n#col-862183862 > .col-inner {\n  margin: 0px 0px 0 0px;\n}\n@media (min-width:550px) {\n  #col-862183862 > .col-inner {\n    margin: 0px 0px -30px 0px;\n  }\n}\n@media (min-width:850px) {\n  #col-862183862 > .col-inner {\n    margin: 0px 0px -30px 0px;\n  }\n}\n<\/style>\n\t<\/div>\n\n\t\n\n<\/div>\n\n\t\t<\/div>\n\n\t\t\n<style>\n#section_2104740959 {\n  padding-top: 0px;\n  padding-bottom: 0px;\n  background-color: #376083;\n}\n<\/style>\n\t<\/section>\n\t\n\n\t<section class=\"section index12 carte\" id=\"section_148933842\">\n\t\t<div class=\"section-bg fill\" >\n\t\t\t\t\t\t\t\t\t\n\t\t\t\n\n\t\t<\/div>\n\n\t\t\n\n\t\t<div class=\"section-content relative\">\n\t\t\t\n\n\t<div id=\"gap-865999065\" class=\"gap-element clearfix\" style=\"display:block; height:auto;\">\n\t\t\n<style>\n#gap-865999065 {\n  padding-top: 100px;\n}\n@media (min-width:550px) {\n  #gap-865999065 {\n    padding-top: 210px;\n  }\n}\n@media (min-width:850px) {\n  #gap-865999065 {\n    padding-top: 330px;\n  }\n}\n<\/style>\n\t<\/div>\n\t\n\n<div class=\"row align-middle\"  id=\"row-204228045\">\n\n\n\t<div id=\"col-574325051\" class=\"col medium-6 small-12 large-6\"  >\n\t\t\t\t<div class=\"col-inner\"  >\n\t\t\t\n\t\t\t\n\n<h2>Gruppenmen\u00fc<\/h2>\n\n\t\t<\/div>\n\t\t\t\t\n<style>\n#col-574325051 > .col-inner {\n  margin: 0px 0px -35px 0px;\n}\n@media (min-width:550px) {\n  #col-574325051 > .col-inner {\n    margin: 0px 0px 0 0px;\n  }\n}\n@media (min-width:850px) {\n  #col-574325051 > .col-inner {\n    margin: 0px 0px 0 0px;\n  }\n}\n<\/style>\n\t<\/div>\n\n\t\n\n\t<div id=\"col-1175462774\" class=\"col medium-6 small-12 large-6\"  >\n\t\t\t\t<div class=\"col-inner\"  >\n\t\t\t\n\t\t\t\n\n\t<div id=\"text-1327997594\" class=\"text\">\n\t\t\n\n<p style=\"font-size: 14px!important; max-width: 350px; margin-left: auto;\">Bitte zwei Tage im Voraus buchen. Gilt f\u00fcr Gruppen mit mehr als 15 Personen. Brot, Salat und Kaffee inbegriffen<\/p>\n\t\t\n<style>\n#text-1327997594 {\n  text-align: left;\n}\n@media (min-width:550px) {\n  #text-1327997594 {\n    text-align: left;\n  }\n}\n@media (min-width:850px) {\n  #text-1327997594 {\n    text-align: right;\n  }\n}\n<\/style>\n\t<\/div>\n\t\n\n\t\t<\/div>\n\t\t\t\t\t<\/div>\n\n\t\n\n<\/div>\n<div class=\"row row-large\"  id=\"row-1322509710\">\n\n\n\t<div id=\"col-1046018984\" class=\"col medium-6 small-12 large-6\"  >\n\t\t\t\t<div class=\"col-inner\"  >\n\t\t\t\n\t\t\t\n\n<h3>Kaffee und Kopenhagener Geb\u00e4ck\/Zimtschnecke<\/h3>\n<p>\u2013<\/p>\n<h6 class=\"pris\">45 SEK<\/h6>\n\n\t\t<\/div>\n\t\t\t\t\t<\/div>\n\n\t\n\n\t<div id=\"col-591509930\" class=\"col medium-6 small-12 large-6\"  >\n\t\t\t\t<div class=\"col-inner\"  >\n\t\t\t\n\t\t\t\n\n<h3>Kaffee mit K\u00e4se- und Schinkenbr\u00f6tchen<\/h3>\n<p>\u2013<\/p>\n<h6 class=\"pris\">55 SEK<\/h6>\n\n\t\t<\/div>\n\t\t\t\t\t<\/div>\n\n\t\n\n\t<div id=\"col-785189517\" class=\"col medium-6 small-12 large-6\"  >\n\t\t\t\t<div class=\"col-inner\"  >\n\t\t\t\n\t\t\t\n\n<h3>Kaffee mit Krabbenbrot<\/h3>\n<p>\u2013<\/p>\n<h6 class=\"pris\">149 SEK<\/h6>\n\n\t\t<\/div>\n\t\t\t\t\t<\/div>\n\n\t\n\n\t<div id=\"col-184774486\" class=\"col medium-6 small-12 large-6\"  >\n\t\t\t\t<div class=\"col-inner\"  >\n\t\t\t\n\t\t\t\n\n<h3>V\u00e4tterledens Schnitzel<\/h3>\n<p>Hausgemachte Sauce b\u00e9arnaise, Kapern, Bratkartoffeln<\/p>\n<h6 class=\"pris\">169 SEK<\/h6>\n\n\t\t<\/div>\n\t\t\t\t\t<\/div>\n\n\t\n\n\t<div id=\"col-845826934\" class=\"col medium-6 small-12 large-6\"  >\n\t\t\t\t<div class=\"col-inner\"  >\n\t\t\t\n\t\t\t\n\n<h3>H\u00e4hnchen aus dem Ofen<\/h3>\n<p>Schwedisches H\u00e4hnchenfilet, Balsamicoso\u00dfe, gebratenes Gem\u00fcse<\/p>\n<h6 class=\"pris\">159 SEK<\/h6>\n\n\t\t<\/div>\n\t\t\t\t\t<\/div>\n\n\t\n\n\t<div id=\"col-292500468\" class=\"col medium-6 small-12 large-6\"  >\n\t\t\t\t<div class=\"col-inner\"  >\n\t\t\t\n\t\t\t\n\n<h3>Lachs aus dem Ofen<\/h3>\n<p>Seehasenrogen, Salzkartoffeln, warmes Gem\u00fcse<\/p>\n<h6 class=\"pris\">159 SEK<\/h6>\n\n\t\t<\/div>\n\t\t\t\t\t<\/div>\n\n\t\n\n\t<div id=\"col-12445234\" class=\"col medium-6 small-12 large-6\"  >\n\t\t\t\t<div class=\"col-inner\"  >\n\t\t\t\n\t\t\t\n\n<h3>Sm\u00e5l\u00e4ndische Isterband (ger\u00e4ucherte Griebenwurst)<\/h3>\n<p>Kartoffeln in Dill-Sahneso\u00dfe, Rote Bete, Senf<\/p>\n<h6 class=\"pris\">139 SEK<\/h6>\n\n\t\t<\/div>\n\t\t\t\t\t<\/div>\n\n\t\n\n\t<div id=\"col-928648292\" class=\"col medium-6 small-12 large-6\"  >\n\t\t\t\t<div class=\"col-inner\"  >\n\t\t\t\n\t\t\t\n\n<h3>Wallenbergare<\/h3>\n<p>Kalbfleisch, Kartoffelp\u00fcree, zerlassene Butter, gr\u00fcne Erbsen, Preiselbeerp\u00fcree<\/p>\n<h6 class=\"pris\">139 SEK<\/h6>\n\n\t\t<\/div>\n\t\t\t\t\t<\/div>\n\n\t\n\n\t<div id=\"col-1029921861\" class=\"col medium-6 small-12 large-6\"  >\n\t\t\t\t<div class=\"col-inner\"  >\n\t\t\t\n\t\t\t\n\n<h3>Hausgemachtes Beefsteak<\/h3>\n<p>Zwiebel, Sahneso\u00dfe, Preiselbeerkonfit\u00fcre, Salzkartoffeln<\/p>\n<h6 class=\"pris\">129 SEK<\/h6>\n\n\t\t<\/div>\n\t\t\t\t\t<\/div>\n\n\t\n\n\t<div id=\"col-1582028440\" class=\"col medium-6 small-12 large-6\"  >\n\t\t\t\t<div class=\"col-inner\"  >\n\t\t\t\n\t\t\t\n\n<h3>H\u00fchnerfrikassee<\/h3>\n<p>Reis oder Pasta, schwedisches H\u00e4hnchenfilet, Tomate, Basilikum<\/p>\n<h6 class=\"pris\">129 SEK<\/h6>\n\n\t\t<\/div>\n\t\t\t\t\t<\/div>\n\n\t\n\n\t<div id=\"col-1141748569\" class=\"col medium-6 small-12 large-6\"  >\n\t\t\t\t<div class=\"col-inner\"  >\n\t\t\t\n\t\t\t\n\n<h3>Panierter Hoki (wei\u00dfes Fischfilet)<\/h3>\n<p>Remouladenso\u00dfe, Zitrone, warmes Gem\u00fcse, Salzkartoffeln<\/p>\n<h6 class=\"pris\">119 SEK<\/h6>\n\n\t\t<\/div>\n\t\t\t\t\t<\/div>\n\n\t\n\n\t<div id=\"col-1836038712\" class=\"col medium-6 small-12 large-6\"  >\n\t\t\t\t<div class=\"col-inner\"  >\n\t\t\t\n\t\t\t\n\n<h3>Fleischb\u00e4llchen<\/h3>\n<p>Sahneso\u00dfe, Preiselbeerkonfit\u00fcre, Salzkartoffeln<\/p>\n<h6 class=\"pris\">119 SEK<\/h6>\n\n\t\t<\/div>\n\t\t\t\t\t<\/div>\n\n\t\n\n\t<div id=\"col-530867084\" class=\"col medium-6 small-12 large-6\"  >\n\t\t\t\t<div class=\"col-inner\"  >\n\t\t\t\n\t\t\t\n\n<h3>V\u00e4tterledens Linsensuppe (V)<\/h3>\n<p>Pasta, Kartoffeln, Cr\u00e8me fra\u00eeche (V)<\/p>\n<h6 class=\"pris\">119 SEK<\/h6>\n\n\t\t<\/div>\n\t\t\t\t\t<\/div>\n\n\t\n\n\t<div id=\"col-839117601\" class=\"col medium-6 small-12 large-6\"  >\n\t\t\t\t<div class=\"col-inner\"  >\n\t\t\t\n\t\t\t\n\n<h3>Spaghetti Bolognese<\/h3>\n<p>Mit geriebenem K\u00e4se<\/p>\n<h6 class=\"pris\">119 SEK<\/h6>\n\n\t\t<\/div>\n\t\t\t\t\t<\/div>\n\n\t\n\n\t<div id=\"col-585014966\" class=\"col small-12 large-12\"  >\n\t\t\t\t<div class=\"col-inner text-center\"  >\n\t\t\t\n\t\t\t\n\n<a href=\"tel:+46(0)36\u2013522%2030\" class=\"button alert buttonlength\"  >\n\t\t<span>ANRUFEN UND VORBESTELLEN<\/span>\n\t<\/a>\n\n\n\n\t\t<\/div>\n\t\t\t\t\n<style>\n#col-585014966 > .col-inner {\n  padding: 15px 0px 0px 0px;\n}\n@media (min-width:550px) {\n  #col-585014966 > .col-inner {\n    padding: 15px 0px 0px 0px;\n  }\n}\n@media (min-width:850px) {\n  #col-585014966 > .col-inner {\n    padding: 30px 0px 0px 0px;\n  }\n}\n<\/style>\n\t<\/div>\n\n\t\n\n<\/div>\n\n\t<div id=\"gap-590845154\" class=\"gap-element clearfix\" style=\"display:block; height:auto;\">\n\t\t\n<style>\n#gap-590845154 {\n  padding-top: 31px;\n}\n@media (min-width:850px) {\n  #gap-590845154 {\n    padding-top: 60px;\n  }\n}\n<\/style>\n\t<\/div>\n\t\n\n\n\t\t<\/div>\n\n\t\t\n<style>\n#section_148933842 {\n  padding-top: 0px;\n  padding-bottom: 0px;\n  background-color: rgb(255, 255, 255);\n}\n<\/style>\n\t<\/section>\n\t\n\n\t<section class=\"section\" id=\"section_1526515870\">\n\t\t<div class=\"section-bg fill\" >\n\t\t\t\t\t\t\t\t\t\n\t\t\t\n\n\t\t<\/div>\n\n\t\t\n\n\t\t<div class=\"section-content relative\">\n\t\t\t\n\n\n\t<section class=\"section\" id=\"section_1954359759\">\n\t\t<div class=\"section-bg fill\" >\n\t\t\t\t\t\t\t\t\t\n\t\t\t\n\n\t\t<\/div>\n\n\t\t\n\n\t\t<div class=\"section-content relative\">\n\t\t\t\n\n\t<div id=\"gap-1277663484\" class=\"gap-element clearfix\" style=\"display:block; height:auto;\">\n\t\t\n<style>\n#gap-1277663484 {\n  padding-top: 70px;\n}\n@media (min-width:550px) {\n  #gap-1277663484 {\n    padding-top: 70px;\n  }\n}\n@media (min-width:850px) {\n  #gap-1277663484 {\n    padding-top: 110px;\n  }\n}\n<\/style>\n\t<\/div>\n\t\n\n<div class=\"row align-center\"  id=\"row-1923426878\">\n\n\n\t<div id=\"col-1501247591\" class=\"col medium-8 small-12 large-7\"  >\n\t\t\t\t<div class=\"col-inner\"  >\n\t\t\t\n\t\t\t\n\n\t<div id=\"text-3153987770\" class=\"text\">\n\t\t\n\n<h3>Anreise<\/h3>\n<p>Das V\u00e4tterleden ist einfach zu finden. Es liegt an der E4 zwischen J\u00f6nk\u00f6ping und Gr\u00e4nna. Buchen Sie gern ein Zimmer oder kommen Sie auf einen kleinen Imbiss vorbei.<\/p>\n\t\t\n<style>\n#text-3153987770 {\n  text-align: center;\n}\n@media (min-width:550px) {\n  #text-3153987770 {\n    text-align: center;\n  }\n}\n<\/style>\n\t<\/div>\n\t\n\n\t\t<\/div>\n\t\t\t\t\t<\/div>\n\n\t\n\n<\/div>\n\t<div id=\"gap-315123882\" class=\"gap-element clearfix\" style=\"display:block; height:auto;\">\n\t\t\n<style>\n#gap-315123882 {\n  padding-top: 20px;\n}\n@media (min-width:850px) {\n  #gap-315123882 {\n    padding-top: 60px;\n  }\n}\n<\/style>\n\t<\/div>\n\t\n\n\n\t\t<\/div>\n\n\t\t\n<style>\n#section_1954359759 {\n  padding-top: 0px;\n  padding-bottom: 0px;\n}\n<\/style>\n\t<\/section>\n\t\n\n\n\t\t<\/div>\n\n\t\t\n<style>\n#section_1526515870 {\n  padding-top: 0px;\n  padding-bottom: 0px;\n  background-color: rgb(247, 250, 252);\n}\n<\/style>\n\t<\/section>\n\t\n","protected":false},"excerpt":{"rendered":"","protected":false},"author":1,"featured_media":6159,"parent":0,"menu_order":0,"comment_status":"closed","ping_status":"closed","template":"page-blank.php","meta":{"_acf_changed":false,"footnotes":""},"class_list":["post-6473","page","type-page","status-publish","has-post-thumbnail","hentry"],"acf":[],"yoast_head":"<!-- This site is optimized with the Yoast SEO plugin v27.4 - https:\/\/yoast.com\/product\/yoast-seo-wordpress\/ -->\n<title>Gruppen | V\u00e4tterleden<\/title>\n<meta name=\"description\" content=\"Wir bieten Hotelzimmer mit besonders g\u00fcnstige Preise f\u00fcr Unterkunft und Halbpension bei der Buchung von Zimmern f\u00fcr gr\u00f6\u00dfere Gruppen.\" \/>\n<meta name=\"robots\" content=\"index, follow, max-snippet:-1, max-image-preview:large, max-video-preview:-1\" \/>\n<link rel=\"canonical\" href=\"https:\/\/www.vatterleden.se\/de\/gruppen\/\" \/>\n<meta property=\"og:locale\" content=\"de_DE\" \/>\n<meta property=\"og:type\" content=\"article\" \/>\n<meta property=\"og:title\" content=\"Gruppen | V\u00e4tterleden\" \/>\n<meta property=\"og:description\" content=\"Wir bieten Hotelzimmer mit besonders g\u00fcnstige Preise f\u00fcr Unterkunft und Halbpension bei der Buchung von Zimmern f\u00fcr gr\u00f6\u00dfere Gruppen.\" \/>\n<meta property=\"og:url\" content=\"https:\/\/www.vatterleden.se\/de\/gruppen\/\" \/>\n<meta property=\"og:site_name\" content=\"V\u00e4tterleden\" \/>\n<meta property=\"article:modified_time\" content=\"2023-04-13T14:28:13+00:00\" \/>\n<meta property=\"og:image\" content=\"https:\/\/www.vatterleden.se\/wp-content\/uploads\/2023\/03\/DSC01215.jpg\" \/>\n\t<meta property=\"og:image:width\" content=\"1920\" \/>\n\t<meta property=\"og:image:height\" content=\"1276\" \/>\n\t<meta property=\"og:image:type\" content=\"image\/jpeg\" \/>\n<meta name=\"twitter:card\" content=\"summary_large_image\" \/>\n<meta name=\"twitter:label1\" content=\"Gesch\u00e4tzte Lesezeit\" \/>\n\t<meta name=\"twitter:data1\" content=\"2\u00a0Minuten\" \/>\n<script type=\"application\/ld+json\" class=\"yoast-schema-graph\">{\"@context\":\"https:\\\/\\\/schema.org\",\"@graph\":[{\"@type\":\"WebPage\",\"@id\":\"https:\\\/\\\/www.vatterleden.se\\\/de\\\/gruppen\\\/\",\"url\":\"https:\\\/\\\/www.vatterleden.se\\\/de\\\/gruppen\\\/\",\"name\":\"Gruppen | V\u00e4tterleden\",\"isPartOf\":{\"@id\":\"https:\\\/\\\/www.vatterleden.se\\\/#website\"},\"primaryImageOfPage\":{\"@id\":\"https:\\\/\\\/www.vatterleden.se\\\/de\\\/gruppen\\\/#primaryimage\"},\"image\":{\"@id\":\"https:\\\/\\\/www.vatterleden.se\\\/de\\\/gruppen\\\/#primaryimage\"},\"thumbnailUrl\":\"https:\\\/\\\/www.vatterleden.se\\\/wp-content\\\/uploads\\\/2023\\\/03\\\/DSC01215.jpg\",\"datePublished\":\"2023-04-13T11:02:29+00:00\",\"dateModified\":\"2023-04-13T14:28:13+00:00\",\"description\":\"Wir bieten Hotelzimmer mit besonders g\u00fcnstige Preise f\u00fcr Unterkunft und Halbpension bei der Buchung von Zimmern f\u00fcr gr\u00f6\u00dfere Gruppen.\",\"breadcrumb\":{\"@id\":\"https:\\\/\\\/www.vatterleden.se\\\/de\\\/gruppen\\\/#breadcrumb\"},\"inLanguage\":\"de\",\"potentialAction\":[{\"@type\":\"ReadAction\",\"target\":[\"https:\\\/\\\/www.vatterleden.se\\\/de\\\/gruppen\\\/\"]}]},{\"@type\":\"ImageObject\",\"inLanguage\":\"de\",\"@id\":\"https:\\\/\\\/www.vatterleden.se\\\/de\\\/gruppen\\\/#primaryimage\",\"url\":\"https:\\\/\\\/www.vatterleden.se\\\/wp-content\\\/uploads\\\/2023\\\/03\\\/DSC01215.jpg\",\"contentUrl\":\"https:\\\/\\\/www.vatterleden.se\\\/wp-content\\\/uploads\\\/2023\\\/03\\\/DSC01215.jpg\",\"width\":1920,\"height\":1276},{\"@type\":\"BreadcrumbList\",\"@id\":\"https:\\\/\\\/www.vatterleden.se\\\/de\\\/gruppen\\\/#breadcrumb\",\"itemListElement\":[{\"@type\":\"ListItem\",\"position\":1,\"name\":\"Hem\",\"item\":\"https:\\\/\\\/www.vatterleden.se\\\/de\\\/\"},{\"@type\":\"ListItem\",\"position\":2,\"name\":\"Gruppen\"}]},{\"@type\":\"WebSite\",\"@id\":\"https:\\\/\\\/www.vatterleden.se\\\/#website\",\"url\":\"https:\\\/\\\/www.vatterleden.se\\\/\",\"name\":\"V\u00e4tterleden\",\"description\":\"\",\"potentialAction\":[{\"@type\":\"SearchAction\",\"target\":{\"@type\":\"EntryPoint\",\"urlTemplate\":\"https:\\\/\\\/www.vatterleden.se\\\/?s={search_term_string}\"},\"query-input\":{\"@type\":\"PropertyValueSpecification\",\"valueRequired\":true,\"valueName\":\"search_term_string\"}}],\"inLanguage\":\"de\"}]}<\/script>\n<!-- \/ Yoast SEO plugin. -->","yoast_head_json":{"title":"Gruppen | V\u00e4tterleden","description":"Wir bieten Hotelzimmer mit besonders g\u00fcnstige Preise f\u00fcr Unterkunft und Halbpension bei der Buchung von Zimmern f\u00fcr gr\u00f6\u00dfere Gruppen.","robots":{"index":"index","follow":"follow","max-snippet":"max-snippet:-1","max-image-preview":"max-image-preview:large","max-video-preview":"max-video-preview:-1"},"canonical":"https:\/\/www.vatterleden.se\/de\/gruppen\/","og_locale":"de_DE","og_type":"article","og_title":"Gruppen | V\u00e4tterleden","og_description":"Wir bieten Hotelzimmer mit besonders g\u00fcnstige Preise f\u00fcr Unterkunft und Halbpension bei der Buchung von Zimmern f\u00fcr gr\u00f6\u00dfere Gruppen.","og_url":"https:\/\/www.vatterleden.se\/de\/gruppen\/","og_site_name":"V\u00e4tterleden","article_modified_time":"2023-04-13T14:28:13+00:00","og_image":[{"width":1920,"height":1276,"url":"https:\/\/www.vatterleden.se\/wp-content\/uploads\/2023\/03\/DSC01215.jpg","type":"image\/jpeg"}],"twitter_card":"summary_large_image","twitter_misc":{"Gesch\u00e4tzte Lesezeit":"2\u00a0Minuten"},"schema":{"@context":"https:\/\/schema.org","@graph":[{"@type":"WebPage","@id":"https:\/\/www.vatterleden.se\/de\/gruppen\/","url":"https:\/\/www.vatterleden.se\/de\/gruppen\/","name":"Gruppen | V\u00e4tterleden","isPartOf":{"@id":"https:\/\/www.vatterleden.se\/#website"},"primaryImageOfPage":{"@id":"https:\/\/www.vatterleden.se\/de\/gruppen\/#primaryimage"},"image":{"@id":"https:\/\/www.vatterleden.se\/de\/gruppen\/#primaryimage"},"thumbnailUrl":"https:\/\/www.vatterleden.se\/wp-content\/uploads\/2023\/03\/DSC01215.jpg","datePublished":"2023-04-13T11:02:29+00:00","dateModified":"2023-04-13T14:28:13+00:00","description":"Wir bieten Hotelzimmer mit besonders g\u00fcnstige Preise f\u00fcr Unterkunft und Halbpension bei der Buchung von Zimmern f\u00fcr gr\u00f6\u00dfere Gruppen.","breadcrumb":{"@id":"https:\/\/www.vatterleden.se\/de\/gruppen\/#breadcrumb"},"inLanguage":"de","potentialAction":[{"@type":"ReadAction","target":["https:\/\/www.vatterleden.se\/de\/gruppen\/"]}]},{"@type":"ImageObject","inLanguage":"de","@id":"https:\/\/www.vatterleden.se\/de\/gruppen\/#primaryimage","url":"https:\/\/www.vatterleden.se\/wp-content\/uploads\/2023\/03\/DSC01215.jpg","contentUrl":"https:\/\/www.vatterleden.se\/wp-content\/uploads\/2023\/03\/DSC01215.jpg","width":1920,"height":1276},{"@type":"BreadcrumbList","@id":"https:\/\/www.vatterleden.se\/de\/gruppen\/#breadcrumb","itemListElement":[{"@type":"ListItem","position":1,"name":"Hem","item":"https:\/\/www.vatterleden.se\/de\/"},{"@type":"ListItem","position":2,"name":"Gruppen"}]},{"@type":"WebSite","@id":"https:\/\/www.vatterleden.se\/#website","url":"https:\/\/www.vatterleden.se\/","name":"V\u00e4tterleden","description":"","potentialAction":[{"@type":"SearchAction","target":{"@type":"EntryPoint","urlTemplate":"https:\/\/www.vatterleden.se\/?s={search_term_string}"},"query-input":{"@type":"PropertyValueSpecification","valueRequired":true,"valueName":"search_term_string"}}],"inLanguage":"de"}]}},"_links":{"self":[{"href":"https:\/\/www.vatterleden.se\/de\/wp-json\/wp\/v2\/pages\/6473","targetHints":{"allow":["GET"]}}],"collection":[{"href":"https:\/\/www.vatterleden.se\/de\/wp-json\/wp\/v2\/pages"}],"about":[{"href":"https:\/\/www.vatterleden.se\/de\/wp-json\/wp\/v2\/types\/page"}],"author":[{"embeddable":true,"href":"https:\/\/www.vatterleden.se\/de\/wp-json\/wp\/v2\/users\/1"}],"replies":[{"embeddable":true,"href":"https:\/\/www.vatterleden.se\/de\/wp-json\/wp\/v2\/comments?post=6473"}],"version-history":[{"count":6,"href":"https:\/\/www.vatterleden.se\/de\/wp-json\/wp\/v2\/pages\/6473\/revisions"}],"predecessor-version":[{"id":6581,"href":"https:\/\/www.vatterleden.se\/de\/wp-json\/wp\/v2\/pages\/6473\/revisions\/6581"}],"wp:featuredmedia":[{"embeddable":true,"href":"https:\/\/www.vatterleden.se\/de\/wp-json\/wp\/v2\/media\/6159"}],"wp:attachment":[{"href":"https:\/\/www.vatterleden.se\/de\/wp-json\/wp\/v2\/media?parent=6473"}],"curies":[{"name":"wp","href":"https:\/\/api.w.org\/{rel}","templated":true}]}}