{"id":6479,"date":"2023-04-13T12:03:19","date_gmt":"2023-04-13T11:03:19","guid":{"rendered":"http:\/\/test.vatterleden.se\/?page_id=6479"},"modified":"2023-04-24T13:24:36","modified_gmt":"2023-04-24T12:24:36","slug":"datenschutzbestimmungen","status":"publish","type":"page","link":"https:\/\/www.vatterleden.se\/de\/datenschutzbestimmungen\/","title":{"rendered":"Datenschutzbestimmungen"},"content":{"rendered":"\n\t<div id=\"gap-691266693\" class=\"gap-element clearfix\" style=\"display:block; height:auto;\">\n\t\t\n<style>\n#gap-691266693 {\n  padding-top: 80px;\n}\n@media (min-width:550px) {\n  #gap-691266693 {\n    padding-top: 100px;\n  }\n}\n<\/style>\n\t<\/div>\n\t\n\n\n\t<section class=\"section\" id=\"section_168633886\">\n\t\t<div class=\"section-bg fill\" >\n\t\t\t\t\t\t\t\t\t\n\t\t\t\n\n\t\t<\/div>\n\n\t\t\n\n\t\t<div class=\"section-content relative\">\n\t\t\t\n\n<div class=\"row row-large align-center\"  id=\"row-1934660000\">\n\n\n\t<div id=\"col-318360012\" class=\"col medium-10 small-12 large-10\"  >\n\t\t\t\t<div class=\"col-inner\"  >\n\t\t\t\n\t\t\t\n\n<h1>Datenschutzbestimmungen<\/h1>\n<p>Unsere Datenschutzerkl\u00e4rung enth\u00e4lt wichtige Informationen dar\u00fcber, wie wir als f\u00fcr die Datenverarbeitung Verantwortlicher die pers\u00f6nlichen Daten unserer Besucher und Kunden in \u00dcbereinstimmung mit der Allgemeinen Datenschutzverordnung (GDPR) verarbeiten. Diese Richtlinien gelten f\u00fcr Situationen, in denen V\u00e4tterleden (\u201eV\u00e4tterleden, \u201ewir\u201c, \u201euns\u201c und \u201eunser\u201c) personenbezogene Daten verarbeitet, die \u00fcber die Website und andere digitale Kan\u00e4le, auf denen wir sind, gesammelt werden.<\/p>\n<p>Durch die Nutzung unserer Website und\/oder anderer digitaler Kan\u00e4le, auf denen Sie uns aktiv Informationen \u00fcbermitteln, erkl\u00e4ren Sie sich mit der Verarbeitung Ihrer pers\u00f6nlichen Daten gem\u00e4\u00df dieser Datenschutzrichtlinien einverstanden.<\/p>\n<p>Die Datenschutzrichtlinien gelten ab dem 2023-01-01 und ersetzen alle fr\u00fcheren Informationen \u00fcber unseren Umgang mit pers\u00f6nlichen Daten.<\/p>\n<h4>Pers\u00f6nliche Daten<\/h4>\n<p>Was sind personenbezogene Daten? Personenbezogene Daten sind Informationen, die die Identifizierung einer nat\u00fcrlichen Person erm\u00f6glichen. Eine identifizierbare nat\u00fcrliche Person ist eine Person, die mittelbar oder unmittelbar durch ihren Namen, ihre pers\u00f6nliche Identit\u00e4tsnummer, ihre Standortdaten, ihre IP-Adresse oder einen anderen Faktor, der eine Identifizierung erm\u00f6glicht, identifiziert werden kann.<\/p>\n<h4>Pers\u00f6nliche Daten die Sie uns zur Verf\u00fcgung stellen<\/h4>\n<p>Als unser Kunde stellen Sie uns m\u00f6glicherweise pers\u00f6nliche Daten zur Verf\u00fcgung, wenn Sie einen Vertrag mit uns abschlie\u00dfen. Dazu k\u00f6nnen Ihr Name und Ihre Kontaktdaten geh\u00f6ren.<\/p>\n<h4>Pers\u00f6nliche Daten, die wir von Ihnen oder von Dritten gesammelt haben<\/h4>\n<p>Ohne Ihre Zustimmung werden keine pers\u00f6nlichen Informationen gesammelt. Sie m\u00fcssen sie aktiv an uns \u00fcbermitteln, zum Beispiel \u00fcber ein Formular auf unserer Website oder andere digitale Kan\u00e4le.<\/p>\n<h4>Zweck der Verarbeitung Ihrer pers\u00f6nlichen Daten<\/h4>\n<p>\u2014 Pers\u00f6nlicher Service<br \/>\u2014 Optimierung unseres Kundendienstes<br \/>\u2014 Pers\u00f6nliche Angebote senden<br \/>\u2014 F\u00fcr Marketingzwecke<br \/>\u2014 Fakturierung<\/p>\n<h4>Empf\u00e4nger Ihrer pers\u00f6nlichen Daten<\/h4>\n<p>Wir geben keine personenbezogenen Daten an Dritte weiter, mit Ausnahme von vertrauensw\u00fcrdigen Dritten, die uns dabei helfen, unser Gesch\u00e4ft zu f\u00fchren, von Ihnen bestellte Waren zu liefern oder Dienstleistungen zu erbringen, wenn diese Parteien sich verpflichten, die Informationen vertraulich zu behandeln und sie nicht f\u00fcr andere Zwecke als ihre Verpflichtungen uns gegen\u00fcber zu verwenden.<\/p>\n<h4>Wie lange bewahren wir Ihre pers\u00f6nlichen Daten auf?<\/h4>\n<p>Wir bewahren Ihre pers\u00f6nlichen Daten so lange auf, wie der Zweck, f\u00fcr den sie urspr\u00fcnglich erhoben wurden, bestehen bleibt. Der Zweck der Datenerhebung wird im Zusammenhang mit Ihrer Zustimmung deutlich gemacht.<\/p>\n<h4>Sensible pers\u00f6nliche Daten<\/h4>\n<p>Wir sammeln keine sensiblen pers\u00f6nlichen Daten \u00fcber Sie.<\/p>\n<h4>Ihre Rechte<\/h4>\n<p>\u2013 Sie haben das Recht, Ihre Zustimmung zu widerrufen.<br \/>\u2013 Sie haben das Recht, Auskunft dar\u00fcber zu verlangen, welche pers\u00f6nlichen Daten wir \u00fcber Sie gespeichert haben. Sie haben die M\u00f6glichkeit, dies einmal im Jahr kostenlos zu tun.<br \/>\u2013 Sie k\u00f6nnen auch \u00c4nderungen an ungenauen pers\u00f6nlichen Daten, die wir \u00fcber Sie gespeichert haben, verlangen und beantragen, dass wir die pers\u00f6nlichen Daten, die wir \u00fcber Sie gespeichert haben, l\u00f6schen.<br \/>\u2013 Sie haben das Recht, Ihre bei uns gespeicherten pers\u00f6nlichen Daten l\u00f6schen zu lassen.<br \/>\u2013 Sie haben das Recht, der Verwendung Ihrer pers\u00f6nlichen Daten zu widersprechen.<br \/>\u2013 Sie haben das Recht zu verlangen, dass wir die Verarbeitung Ihrer pers\u00f6nlichen Daten einschr\u00e4nken.<br \/>\u2013 Sie haben das Recht, bei der Datenschutzaufsichtsbeh\u00f6rde oder einer anderen Beh\u00f6rde eine Beschwerde \u00fcber die Verarbeitung Ihrer pers\u00f6nlichen Daten durch uns einzureichen.<\/p>\n<h4>Dritte Partei<\/h4>\n<p>Auf der Website kann V\u00e4tterleden auf Produkte Dritter verlinken oder diese ver\u00f6ffentlichen. Diese Webseiten sind von uns unabh\u00e4ngig.<\/p>\n<h4>\u00c4nderungen der Datenschutzrichtlinien<\/h4>\n<p>V\u00e4tterleden beh\u00e4lt sich das Recht vor, \u00c4nderungen an diesen Richtlinien vorzunehmen. Zuletzt aktualisiert: 2023-01-01<\/p>\n<h4>Kontakt<\/h4>\n<p>Wenn Sie Fragen zu unseren Datenschutzrichtlinien oder zur Verarbeitung personenbezogener Daten haben, kontaktieren Sie uns bitte unter info@vatterleden.se.<\/p>\n<h4>Cookies<\/h4>\n<p>Cookies sind Datendateien, die \u00fcber den Browser Ihres Ger\u00e4ts gespeichert werden. V\u00e4tterleden verwendet permanente und tempor\u00e4re Cookies. Permanente Cookies werden f\u00fcr eine bestimmte Zeit als Datei auf Ihrem Ger\u00e4t gespeichert, bis Sie oder der Server, der sie gesendet hat, sie l\u00f6schen. Tempor\u00e4re Cookies werden vor\u00fcbergehend gespeichert und verschwinden, wenn Sie Ihren Browser schlie\u00dfen.<\/p>\n<p>V\u00e4tterleden verwendet Cookies, um Ihr Surferlebnis zu verbessern. Einige Cookies sind eine Voraussetzung daf\u00fcr, dass die Website weiterhin ordnungsgem\u00e4\u00df funktioniert. Andere Cookies werden verwendet, um Informationen dar\u00fcber zu sammeln, wie die Website genutzt wird, damit wir sie weiter verbessern k\u00f6nnen. Schlie\u00dflich werden Cookies f\u00fcr gezielte Werbung verwendet.<\/p>\n\n\n\t\t<\/div>\n\t\t\t\t\t<\/div>\n\n\t\n\n<\/div>\n\t<div id=\"gap-1811485587\" class=\"gap-element clearfix\" style=\"display:block; height:auto;\">\n\t\t\n<style>\n#gap-1811485587 {\n  padding-top: 30px;\n}\n<\/style>\n\t<\/div>\n\t\n\n\n\t\t<\/div>\n\n\t\t\n<style>\n#section_168633886 {\n  padding-top: 0px;\n  padding-bottom: 0px;\n}\n<\/style>\n\t<\/section>\n\t\n\n","protected":false},"excerpt":{"rendered":"","protected":false},"author":1,"featured_media":0,"parent":0,"menu_order":0,"comment_status":"closed","ping_status":"closed","template":"page-blank.php","meta":{"_acf_changed":false,"footnotes":""},"class_list":["post-6479","page","type-page","status-publish","hentry"],"acf":[],"yoast_head":"<!-- This site is optimized with the Yoast SEO plugin v27.4 - https:\/\/yoast.com\/product\/yoast-seo-wordpress\/ -->\n<title>Datenschutzbestimmungen - V\u00e4tterleden<\/title>\n<meta name=\"robots\" content=\"index, follow, max-snippet:-1, max-image-preview:large, max-video-preview:-1\" \/>\n<link rel=\"canonical\" href=\"https:\/\/www.vatterleden.se\/de\/datenschutzbestimmungen\/\" \/>\n<meta property=\"og:locale\" content=\"de_DE\" \/>\n<meta property=\"og:type\" content=\"article\" \/>\n<meta property=\"og:title\" content=\"Datenschutzbestimmungen - V\u00e4tterleden\" \/>\n<meta property=\"og:url\" content=\"https:\/\/www.vatterleden.se\/de\/datenschutzbestimmungen\/\" \/>\n<meta property=\"og:site_name\" content=\"V\u00e4tterleden\" \/>\n<meta property=\"article:modified_time\" content=\"2023-04-24T12:24:36+00:00\" \/>\n<meta name=\"twitter:card\" content=\"summary_large_image\" \/>\n<meta name=\"twitter:label1\" content=\"Gesch\u00e4tzte Lesezeit\" \/>\n\t<meta name=\"twitter:data1\" content=\"4\u00a0Minuten\" \/>\n<script type=\"application\/ld+json\" class=\"yoast-schema-graph\">{\"@context\":\"https:\\\/\\\/schema.org\",\"@graph\":[{\"@type\":\"WebPage\",\"@id\":\"https:\\\/\\\/www.vatterleden.se\\\/de\\\/datenschutzbestimmungen\\\/\",\"url\":\"https:\\\/\\\/www.vatterleden.se\\\/de\\\/datenschutzbestimmungen\\\/\",\"name\":\"Datenschutzbestimmungen - V\u00e4tterleden\",\"isPartOf\":{\"@id\":\"https:\\\/\\\/www.vatterleden.se\\\/#website\"},\"datePublished\":\"2023-04-13T11:03:19+00:00\",\"dateModified\":\"2023-04-24T12:24:36+00:00\",\"breadcrumb\":{\"@id\":\"https:\\\/\\\/www.vatterleden.se\\\/de\\\/datenschutzbestimmungen\\\/#breadcrumb\"},\"inLanguage\":\"de\",\"potentialAction\":[{\"@type\":\"ReadAction\",\"target\":[\"https:\\\/\\\/www.vatterleden.se\\\/de\\\/datenschutzbestimmungen\\\/\"]}]},{\"@type\":\"BreadcrumbList\",\"@id\":\"https:\\\/\\\/www.vatterleden.se\\\/de\\\/datenschutzbestimmungen\\\/#breadcrumb\",\"itemListElement\":[{\"@type\":\"ListItem\",\"position\":1,\"name\":\"Hem\",\"item\":\"https:\\\/\\\/www.vatterleden.se\\\/de\\\/\"},{\"@type\":\"ListItem\",\"position\":2,\"name\":\"Datenschutzbestimmungen\"}]},{\"@type\":\"WebSite\",\"@id\":\"https:\\\/\\\/www.vatterleden.se\\\/#website\",\"url\":\"https:\\\/\\\/www.vatterleden.se\\\/\",\"name\":\"V\u00e4tterleden\",\"description\":\"\",\"potentialAction\":[{\"@type\":\"SearchAction\",\"target\":{\"@type\":\"EntryPoint\",\"urlTemplate\":\"https:\\\/\\\/www.vatterleden.se\\\/?s={search_term_string}\"},\"query-input\":{\"@type\":\"PropertyValueSpecification\",\"valueRequired\":true,\"valueName\":\"search_term_string\"}}],\"inLanguage\":\"de\"}]}<\/script>\n<!-- \/ Yoast SEO plugin. -->","yoast_head_json":{"title":"Datenschutzbestimmungen - V\u00e4tterleden","robots":{"index":"index","follow":"follow","max-snippet":"max-snippet:-1","max-image-preview":"max-image-preview:large","max-video-preview":"max-video-preview:-1"},"canonical":"https:\/\/www.vatterleden.se\/de\/datenschutzbestimmungen\/","og_locale":"de_DE","og_type":"article","og_title":"Datenschutzbestimmungen - V\u00e4tterleden","og_url":"https:\/\/www.vatterleden.se\/de\/datenschutzbestimmungen\/","og_site_name":"V\u00e4tterleden","article_modified_time":"2023-04-24T12:24:36+00:00","twitter_card":"summary_large_image","twitter_misc":{"Gesch\u00e4tzte Lesezeit":"4\u00a0Minuten"},"schema":{"@context":"https:\/\/schema.org","@graph":[{"@type":"WebPage","@id":"https:\/\/www.vatterleden.se\/de\/datenschutzbestimmungen\/","url":"https:\/\/www.vatterleden.se\/de\/datenschutzbestimmungen\/","name":"Datenschutzbestimmungen - V\u00e4tterleden","isPartOf":{"@id":"https:\/\/www.vatterleden.se\/#website"},"datePublished":"2023-04-13T11:03:19+00:00","dateModified":"2023-04-24T12:24:36+00:00","breadcrumb":{"@id":"https:\/\/www.vatterleden.se\/de\/datenschutzbestimmungen\/#breadcrumb"},"inLanguage":"de","potentialAction":[{"@type":"ReadAction","target":["https:\/\/www.vatterleden.se\/de\/datenschutzbestimmungen\/"]}]},{"@type":"BreadcrumbList","@id":"https:\/\/www.vatterleden.se\/de\/datenschutzbestimmungen\/#breadcrumb","itemListElement":[{"@type":"ListItem","position":1,"name":"Hem","item":"https:\/\/www.vatterleden.se\/de\/"},{"@type":"ListItem","position":2,"name":"Datenschutzbestimmungen"}]},{"@type":"WebSite","@id":"https:\/\/www.vatterleden.se\/#website","url":"https:\/\/www.vatterleden.se\/","name":"V\u00e4tterleden","description":"","potentialAction":[{"@type":"SearchAction","target":{"@type":"EntryPoint","urlTemplate":"https:\/\/www.vatterleden.se\/?s={search_term_string}"},"query-input":{"@type":"PropertyValueSpecification","valueRequired":true,"valueName":"search_term_string"}}],"inLanguage":"de"}]}},"_links":{"self":[{"href":"https:\/\/www.vatterleden.se\/de\/wp-json\/wp\/v2\/pages\/6479","targetHints":{"allow":["GET"]}}],"collection":[{"href":"https:\/\/www.vatterleden.se\/de\/wp-json\/wp\/v2\/pages"}],"about":[{"href":"https:\/\/www.vatterleden.se\/de\/wp-json\/wp\/v2\/types\/page"}],"author":[{"embeddable":true,"href":"https:\/\/www.vatterleden.se\/de\/wp-json\/wp\/v2\/users\/1"}],"replies":[{"embeddable":true,"href":"https:\/\/www.vatterleden.se\/de\/wp-json\/wp\/v2\/comments?post=6479"}],"version-history":[{"count":6,"href":"https:\/\/www.vatterleden.se\/de\/wp-json\/wp\/v2\/pages\/6479\/revisions"}],"predecessor-version":[{"id":6635,"href":"https:\/\/www.vatterleden.se\/de\/wp-json\/wp\/v2\/pages\/6479\/revisions\/6635"}],"wp:attachment":[{"href":"https:\/\/www.vatterleden.se\/de\/wp-json\/wp\/v2\/media?parent=6479"}],"curies":[{"name":"wp","href":"https:\/\/api.w.org\/{rel}","templated":true}]}}