{"id":6484,"date":"2023-04-13T12:04:04","date_gmt":"2023-04-13T11:04:04","guid":{"rendered":"http:\/\/test.vatterleden.se\/?page_id=6484"},"modified":"2023-04-13T15:27:54","modified_gmt":"2023-04-13T14:27:54","slug":"konferenz","status":"publish","type":"page","link":"https:\/\/www.vatterleden.se\/de\/konferenz\/","title":{"rendered":"Konferenz"},"content":{"rendered":"\n\n\t<section class=\"section sectioncolored dark\" id=\"section_1947427178\">\n\t\t<div class=\"section-bg fill\" >\n\t\t\t\t\t\t\t\t\t\n\t\t\t\n\n\t\t<\/div>\n\n\t\t\n\n\t\t<div class=\"section-content relative\">\n\t\t\t\n\n\t<div id=\"gap-257239157\" class=\"gap-element clearfix\" style=\"display:block; height:auto;\">\n\t\t\n<style>\n#gap-257239157 {\n  padding-top: 110px;\n}\n@media (min-width:550px) {\n  #gap-257239157 {\n    padding-top: 150px;\n  }\n}\n<\/style>\n\t<\/div>\n\t\n\n<div class=\"row\"  id=\"row-1222532181\">\n\n\n\t<div id=\"col-225135728\" class=\"col small-12 large-12\"  >\n\t\t\t\t<div class=\"col-inner\"  >\n\t\t\t\n\t\t\t\n\n<h1>Konferenz \u2013 ein optimaler Veranstaltungsort<\/h1>\n\n\t\t<\/div>\n\t\t\t\t\n<style>\n#col-225135728 > .col-inner {\n  margin: 0px 0px -20px 0px;\n}\n@media (min-width:550px) {\n  #col-225135728 > .col-inner {\n    margin: 0px 0px -20px 0px;\n  }\n}\n@media (min-width:850px) {\n  #col-225135728 > .col-inner {\n    margin: 0px 0px -20px 0px;\n  }\n}\n<\/style>\n\t<\/div>\n\n\t\n\n\t<div id=\"col-1494778502\" class=\"col medium-6 small-12 large-6\"  >\n\t\t\t\t<div class=\"col-inner\"  >\n\t\t\t\n\t\t\t\n\n<p>V\u00e4tterleden bietet g\u00fcnstige Konferenzl\u00f6sungen, die Ihren G\u00e4sten durch hervorragendes Essen und erstklassigen Service einen angenehmen Aufenthalt erm\u00f6glichen und erfolgreiche Arbeitsergebnisse garantieren. Dank unserer Lage in der Mitte S\u00fcdschwedens an der E4 ist V\u00e4tterleden ein idealer Standort f\u00fcr Meetings.<\/p>\n\n\t\t<\/div>\n\t\t\t\t\n<style>\n#col-1494778502 > .col-inner {\n  margin: 0px 0px -20px 0px;\n}\n@media (min-width:550px) {\n  #col-1494778502 > .col-inner {\n    margin: 0px 0px 0px 0px;\n  }\n}\n@media (min-width:850px) {\n  #col-1494778502 > .col-inner {\n    margin: 0px 0px 0 0px;\n  }\n}\n<\/style>\n\t<\/div>\n\n\t\n\n\t<div id=\"col-1572067396\" class=\"col medium-6 small-12 large-6\"  >\n\t\t\t\t<div class=\"col-inner\"  >\n\t\t\t\n\t\t\t\n\n<p>Ganz gleich, ob es sich um ein Meeting, eine Konferenz, ein Kick-off oder ein Abendessen zwischen Unternehmern handelt, Sie k\u00f6nnen darauf vertrauen, dass Sie in guten H\u00e4nden sind. Wir stellen Ihnen einen auf Sie zugeschnittenen Rahmen zur Verf\u00fcgung, der Ihnen die M\u00f6glichkeit bietet, Kontakte zu kn\u00fcpfen, sich weiterzuentwickeln und eine Unternehmenskultur zu f\u00f6rdern. Teilen Sie uns Ihre W\u00fcnsche mit und lassen Sie uns Ihre Konferenz organisieren.<\/p>\n\n\t\t<\/div>\n\t\t\t\t\t<\/div>\n\n\t\n\n<\/div>\n\t<div id=\"gap-7729680\" class=\"gap-element clearfix\" style=\"display:block; height:auto;\">\n\t\t\n<style>\n#gap-7729680 {\n  padding-top: 0px;\n}\n@media (min-width:550px) {\n  #gap-7729680 {\n    padding-top: 30px;\n  }\n}\n<\/style>\n\t<\/div>\n\t\n\n<div class=\"row iconboxrow\"  id=\"row-54930649\">\n\n\n\t<div id=\"col-549572218\" class=\"col medium-3 small-6 large-3\"  >\n\t\t\t\t<div class=\"col-inner\"  >\n\t\t\t\n\t\t\t\n\n\n\t\t<div class=\"icon-box featured-box icon-box-top text-left\"  >\n\t\t\t\t\t<div class=\"icon-box-img\" style=\"width: 45px\">\n\t\t\t\t<div class=\"icon\">\n\t\t\t\t\t<div class=\"icon-inner\" style=\"color:rgb(255, 255, 255);\">\n\t\t\t\t\t\t<?xml version=\"1.0\" encoding=\"UTF-8\"?> <svg xmlns=\"http:\/\/www.w3.org\/2000\/svg\" height=\"48\" width=\"48\"><path d=\"M5.3 42.3v-3.4h4.75V5.7h20.2v2.25H38V38.9h4.7v3.4h-8.1V11.35h-4.35V42.3Zm8.15-33.2v29.8Zm8.85 16.95q.9 0 1.475-.575.575-.575.575-1.475 0-.9-.575-1.475-.575-.575-1.475-.575-.9 0-1.5.575T20.2 24q0 .9.6 1.475.6.575 1.5.575ZM13.45 38.9h13.4V9.1h-13.4Z\"><\/path><\/svg> \t\t\t\t\t<\/div>\n\t\t\t\t<\/div>\n\t\t\t<\/div>\n\t\t\t\t<div class=\"icon-box-text last-reset\">\n\t\t\t\t\t\t\t\t\t\n\n<h4>Konferenz<\/h4>\n<p>Die ideale Entscheidung f\u00fcr Ihre Konferenz Wir k\u00f6nnen sowohl Tageskonferenzen als auch l\u00e4ngere Konferenzen mit \u00dcbernachtungsm\u00f6glichkeit anbieten. Sprechen Sie uns an, und wir erstellen Ihr Konferenzpaket.<\/p>\n\n\t\t<\/div>\n\t<\/div>\n\t\n\t\n\n\t\t<\/div>\n\t\t\t\t\t<\/div>\n\n\t\n\n\t<div id=\"col-239005668\" class=\"col medium-3 small-6 large-3\"  >\n\t\t\t\t<div class=\"col-inner\"  >\n\t\t\t\n\t\t\t\n\n\n\t\t<div class=\"icon-box featured-box icon-box-top text-left\"  >\n\t\t\t\t\t<div class=\"icon-box-img\" style=\"width: 45px\">\n\t\t\t\t<div class=\"icon\">\n\t\t\t\t\t<div class=\"icon-inner\" style=\"color:rgb(255, 255, 255);\">\n\t\t\t\t\t\t<?xml version=\"1.0\" encoding=\"UTF-8\"?> <svg xmlns=\"http:\/\/www.w3.org\/2000\/svg\" height=\"48\" width=\"48\"><path d=\"M-.15 36.15v-2.8q0-2.05 2.15-3.275t5.5-1.225q.55 0 1.05.025t.95.075q-.4.9-.6 1.825-.2.925-.2 1.975v3.4Zm12 0v-3.4q0-3.3 3.375-5.35T24 25.35q5.45 0 8.8 2.05 3.35 2.05 3.35 5.35v3.4Zm27.45 0v-3.4q0-1.05-.175-1.975t-.575-1.825q.45-.05.95-.075.5-.025 1-.025 3.45 0 5.55 1.225 2.1 1.225 2.1 3.275v2.8ZM24 28.6q-3.8 0-6.225 1.125T15.25 32.65v.25h17.5v-.3q-.1-1.75-2.5-2.875T24 28.6ZM7.5 27.4q-1.5 0-2.55-1.05Q3.9 25.3 3.9 23.8q0-1.5 1.05-2.55Q6 20.2 7.5 20.2q1.5 0 2.55 1.05 1.05 1.05 1.05 2.55 0 1.5-1.05 2.55Q9 27.4 7.5 27.4Zm33 0q-1.5 0-2.55-1.05-1.05-1.05-1.05-2.55 0-1.5 1.05-2.55Q39 20.2 40.5 20.2q1.5 0 2.55 1.05 1.05 1.05 1.05 2.55 0 1.5-1.05 2.55Q42 27.4 40.5 27.4ZM24 23.85q-2.55 0-4.35-1.775-1.8-1.775-1.8-4.375t1.8-4.35q1.8-1.75 4.35-1.75 2.6 0 4.375 1.75t1.775 4.35q0 2.6-1.775 4.375T24 23.85Zm0-9.05q-1.2 0-2.05.825-.85.825-.85 2.075 0 1.25.825 2.1.825.85 2.075.85 1.25 0 2.075-.85.825-.85.825-2.1t-.825-2.075Q25.25 14.8 24 14.8Zm0 18.1Zm0-15.2Z\"><\/path><\/svg> \t\t\t\t\t<\/div>\n\t\t\t\t<\/div>\n\t\t\t<\/div>\n\t\t\t\t<div class=\"icon-box-text last-reset\">\n\t\t\t\t\t\t\t\t\t\n\n<h4>Meetings<\/h4>\n<p>Halten Sie Ihr Meeting bei uns im V\u00e4tterleden ab. Entwickeln Sie neue Gesch\u00e4ftsideen und schlie\u00dfen Sie Kooperationen, w\u00e4hrend Sie gleichzeitig den Blick auf den V\u00e4ttern genie\u00dfen.<\/p>\n\n\t\t<\/div>\n\t<\/div>\n\t\n\t\n\n\t\t<\/div>\n\t\t\t\t\t<\/div>\n\n\t\n\n\t<div id=\"col-1957537395\" class=\"col medium-3 small-6 large-3\"  >\n\t\t\t\t<div class=\"col-inner\"  >\n\t\t\t\n\t\t\t\n\n\n\t\t<div class=\"icon-box featured-box icon-box-top text-left\"  >\n\t\t\t\t\t<div class=\"icon-box-img\" style=\"width: 45px\">\n\t\t\t\t<div class=\"icon\">\n\t\t\t\t\t<div class=\"icon-inner\" style=\"color:rgb(255, 255, 255);\">\n\t\t\t\t\t\t<?xml version=\"1.0\" encoding=\"UTF-8\"?> <svg xmlns=\"http:\/\/www.w3.org\/2000\/svg\" height=\"48\" width=\"48\"><path d=\"m3.65 44.55 9.7-27.05 17.5 17.35ZM9.4 38.8l15.3-5.45-9.9-9.95Zm18.8-12.9-1.85-1.85L38.2 12.2q1.65-1.65 4.2-1.675 2.55-.025 4.2 1.625l.85.85-1.85 1.85-.95-.95q-.95-.95-2.2-.975-1.25-.025-2.25.975Zm-8.25-8.05L18.15 16l1.45-1.45q1.15-1.15 1.075-2.6-.075-1.45-1.075-2.5l-1.4-1.4 1.8-1.8 1.3 1.3q1.8 1.8 1.775 4.5-.025 2.7-1.825 4.5Zm4.2 4L22.3 20l7.5-7.45q.95-.95.925-2.425Q30.7 8.65 29.75 7.7L26.7 4.65l1.85-1.85 3.15 3.15q1.6 1.65 1.65 4.15.05 2.5-1.6 4.15Zm8.2 8.25-1.85-1.85 2.3-2.3q1.8-1.8 4.325-1.85 2.525-.05 4.325 1.75L44 28.4l-1.8 1.85-2.6-2.6q-1.15-1.15-2.4-1.15t-2.4 1.15ZM9.4 38.8Z\"><\/path><\/svg> \t\t\t\t\t<\/div>\n\t\t\t\t<\/div>\n\t\t\t<\/div>\n\t\t\t\t<div class=\"icon-box-text last-reset\">\n\t\t\t\t\t\t\t\t\t\n\n<h4>Kick-off<\/h4>\n<p>Beginnen Sie nach dem Urlaub mit einem Kick-off bei uns. Bauen Sie Beziehungen zwischen Kollegen auf und verbinden Sie Teambuilding mit gutem Essen und Kaffee.<\/p>\n\n\t\t<\/div>\n\t<\/div>\n\t\n\t\n\n\t\t<\/div>\n\t\t\t\t\t<\/div>\n\n\t\n\n\t<div id=\"col-1208926138\" class=\"col medium-3 small-6 large-3\"  >\n\t\t\t\t<div class=\"col-inner\"  >\n\t\t\t\n\t\t\t\n\n\n\t\t<div class=\"icon-box featured-box icon-box-top text-left\"  >\n\t\t\t\t\t<div class=\"icon-box-img\" style=\"width: 45px\">\n\t\t\t\t<div class=\"icon\">\n\t\t\t\t\t<div class=\"icon-inner\" style=\"color:rgb(255, 255, 255);\">\n\t\t\t\t\t\t<?xml version=\"1.0\" encoding=\"UTF-8\"?> <svg xmlns=\"http:\/\/www.w3.org\/2000\/svg\" height=\"48\" width=\"48\"><path d=\"m7.2 42.7-3.4-3.4h40.4l-3.4 3.4Zm-.95-6.45q.35-.9.725-1.65.375-.75 1.075-1.45v-16.1H6V14.4h2.05v-1.7H6v-2.65h2.05v-1.7H6V5.7h14.95q1.2 0 1.85.65.65.65.65 1.85v1.85h18.7v2.65h-18.7v1.85q0 1.2-.65 1.85-.65.65-1.85.65h-5.2v13.4q.95.05 1.825.45t1.675 1q.85-3.2 3.675-5.425 2.825-2.225 6.725-2.225 4.75 0 7.75 3.1t3.05 7.8v1.1Zm16.5-3.45h13.8q-.45-2.1-2.375-3.6t-4.525-1.5q-2.6 0-4.525 1.5-1.925 1.5-2.375 3.6Zm-7-22.75h5.05v-1.7h-5.05Zm0 4.35h5.05v-1.7h-5.05Zm-5.25-4.35h2.75v-1.7H10.5Zm0 4.35h2.75v-1.7H10.5Zm0 17q.4-.3 1.2-.625.8-.325 1.55-.375V17.05H10.5Zm12.25 1.4h13.8Z\"><\/path><\/svg> \t\t\t\t\t<\/div>\n\t\t\t\t<\/div>\n\t\t\t<\/div>\n\t\t\t\t<div class=\"icon-box-text last-reset\">\n\t\t\t\t\t\t\t\t\t\n\n<h4>Gesch\u00e4ftsessen<\/h4>\n<p>Buchen Sie das Gesch\u00e4ftsessen im Restaurant V\u00e4tterleden und genie\u00dfen Sie gutes Essen und hervorragenden Service. Wir haben g\u00fcnstige Hotelzimmer f\u00fcr weit gereiste Abendg\u00e4ste<\/p>\n\n\t\t<\/div>\n\t<\/div>\n\t\n\t\n\n\t\t<\/div>\n\t\t\t\t\t<\/div>\n\n\t\n\n<\/div>\n\t<div id=\"gap-1647650216\" class=\"gap-element clearfix\" style=\"display:block; height:auto;\">\n\t\t\n<style>\n#gap-1647650216 {\n  padding-top: 15px;\n}\n@media (min-width:550px) {\n  #gap-1647650216 {\n    padding-top: 30px;\n  }\n}\n<\/style>\n\t<\/div>\n\t\n\n<div class=\"row\"  id=\"row-1302832906\">\n\n\n\t<div id=\"col-1933507619\" class=\"col small-12 large-12\"  >\n\t\t\t\t<div class=\"col-inner text-center\"  >\n\t\t\t\n\t\t\t\n\n\t<div id=\"text-567942469\" class=\"text boldtext\">\n\t\t\n\n<p>Tageskonferenzen ab <span style=\"color: #F57266!important\">330 SEK\/p. P.<\/span><br>Sprechen Sie mit uns, um Ihr Konferenzpaket zusammenzustellen.<\/p>\n\t\t\t<\/div>\n\t\n<a href=\"\/de\/kontakt\/\" class=\"button alert buttonlength\"  >\n\t\t<span>KONTAKTIEREN SIE UNS<\/span>\n\t<\/a>\n\n\n\n\t\t<\/div>\n\t\t\t\t\t<\/div>\n\n\t\n\n<\/div>\n\t<div id=\"gap-204161672\" class=\"gap-element clearfix\" style=\"display:block; height:auto;\">\n\t\t\n<style>\n#gap-204161672 {\n  padding-top: 15px;\n}\n@media (min-width:550px) {\n  #gap-204161672 {\n    padding-top: 30px;\n  }\n}\n<\/style>\n\t<\/div>\n\t\n\n<div class=\"row\"  id=\"row-614983456\">\n\n\n\t<div id=\"col-1477244607\" class=\"col medium-4 small-12 large-4\"  >\n\t\t\t\t<div class=\"col-inner\"  >\n\t\t\t\n\t\t\t\n\n\n  <div class=\"banner has-hover\" id=\"banner-1934605963\">\n          <div class=\"banner-inner fill\">\n        <div class=\"banner-bg fill\" >\n            <img loading=\"lazy\" decoding=\"async\" width=\"960\" height=\"638\" src=\"https:\/\/www.vatterleden.se\/wp-content\/uploads\/2023\/03\/DSC01595-960x638.jpg\" class=\"bg attachment-medium size-medium\" alt=\"\" \/>                                    \n                    <\/div>\n\t\t\n        <div class=\"banner-layers container\">\n            <div class=\"fill banner-link\"><\/div>            \n\n\n        <\/div>\n      <\/div>\n\n            \n<style>\n#banner-1934605963 {\n  padding-top: 200px;\n}\n#banner-1934605963 .banner-bg img {\n  object-position: 35% 68%;\n}\n@media (min-width:550px) {\n  #banner-1934605963 {\n    padding-top: 300px;\n  }\n}\n@media (min-width:850px) {\n  #banner-1934605963 {\n    padding-top: 115%;\n  }\n}\n<\/style>\n  <\/div>\n\n\n\n\t\t<\/div>\n\t\t\t\t\n<style>\n#col-1477244607 > .col-inner {\n  margin: 0px 0px 0 0px;\n}\n@media (min-width:550px) {\n  #col-1477244607 > .col-inner {\n    margin: 0px 0px -30px 0px;\n  }\n}\n@media (min-width:850px) {\n  #col-1477244607 > .col-inner {\n    margin: 0px 0px -30px 0px;\n  }\n}\n<\/style>\n\t<\/div>\n\n\t\n\n\t<div id=\"col-608469252\" class=\"col medium-4 small-12 large-4\"  >\n\t\t\t\t<div class=\"col-inner\"  >\n\t\t\t\n\t\t\t\n\n\n  <div class=\"banner has-hover\" id=\"banner-1402520243\">\n          <div class=\"banner-inner fill\">\n        <div class=\"banner-bg fill\" >\n            <img loading=\"lazy\" decoding=\"async\" width=\"960\" height=\"638\" src=\"https:\/\/www.vatterleden.se\/wp-content\/uploads\/2023\/03\/DSC01608-960x638.jpg\" class=\"bg attachment-medium size-medium\" alt=\"\" \/>                                    \n                    <\/div>\n\t\t\n        <div class=\"banner-layers container\">\n            <div class=\"fill banner-link\"><\/div>            \n\n\n        <\/div>\n      <\/div>\n\n            \n<style>\n#banner-1402520243 {\n  padding-top: 200px;\n}\n#banner-1402520243 .banner-bg img {\n  object-position: 32% 72%;\n}\n@media (min-width:550px) {\n  #banner-1402520243 {\n    padding-top: 300px;\n  }\n}\n@media (min-width:850px) {\n  #banner-1402520243 {\n    padding-top: 115%;\n  }\n}\n<\/style>\n  <\/div>\n\n\n\n\t\t<\/div>\n\t\t\t\t\n<style>\n#col-608469252 > .col-inner {\n  margin: 0px 0px 0 0px;\n}\n@media (min-width:550px) {\n  #col-608469252 > .col-inner {\n    margin: 0px 0px -30px 0px;\n  }\n}\n@media (min-width:850px) {\n  #col-608469252 > .col-inner {\n    margin: 0px 0px -30px 0px;\n  }\n}\n<\/style>\n\t<\/div>\n\n\t\n\n\t<div id=\"col-192053189\" class=\"col medium-4 small-12 large-4\"  >\n\t\t\t\t<div class=\"col-inner\"  >\n\t\t\t\n\t\t\t\n\n\n  <div class=\"banner has-hover\" id=\"banner-347190455\">\n          <div class=\"banner-inner fill\">\n        <div class=\"banner-bg fill\" >\n            <img loading=\"lazy\" decoding=\"async\" width=\"960\" height=\"1445\" src=\"https:\/\/www.vatterleden.se\/wp-content\/uploads\/2023\/03\/DSC01208-960x1445.jpg\" class=\"bg attachment-medium size-medium\" alt=\"\" \/>                                    \n                    <\/div>\n\t\t\n        <div class=\"banner-layers container\">\n            <div class=\"fill banner-link\"><\/div>            \n\n\n        <\/div>\n      <\/div>\n\n            \n<style>\n#banner-347190455 {\n  padding-top: 200px;\n}\n#banner-347190455 .banner-bg img {\n  object-position: 55% 47%;\n}\n@media (min-width:550px) {\n  #banner-347190455 {\n    padding-top: 300px;\n  }\n}\n@media (min-width:850px) {\n  #banner-347190455 {\n    padding-top: 115%;\n  }\n}\n<\/style>\n  <\/div>\n\n\n\n\t\t<\/div>\n\t\t\t\t\n<style>\n#col-192053189 > .col-inner {\n  margin: 0px 0px -30px 0px;\n}\n@media (min-width:850px) {\n  #col-192053189 > .col-inner {\n    margin: 0px 0px -30px 0px;\n  }\n}\n<\/style>\n\t<\/div>\n\n\t\n\n<\/div>\n\n\t\t<\/div>\n\n\t\t\n<style>\n#section_1947427178 {\n  padding-top: 0px;\n  padding-bottom: 0px;\n  background-color: #376083;\n}\n<\/style>\n\t<\/section>\n\t\n\n\t<section class=\"section index12\" id=\"section_437326868\">\n\t\t<div class=\"section-bg fill\" >\n\t\t\t\t\t\t\t\t\t\n\t\t\t\n\n\t\t<\/div>\n\n\t\t\n\n\t\t<div class=\"section-content relative\">\n\t\t\t\n\n\t<div id=\"gap-186458682\" class=\"gap-element clearfix\" style=\"display:block; height:auto;\">\n\t\t\n<style>\n#gap-186458682 {\n  padding-top: 45px;\n}\n@media (min-width:550px) {\n  #gap-186458682 {\n    padding-top: 143px;\n  }\n}\n@media (min-width:850px) {\n  #gap-186458682 {\n    padding-top: 239px;\n  }\n}\n<\/style>\n\t<\/div>\n\t\n\n\n\t\t<\/div>\n\n\t\t\n<style>\n#section_437326868 {\n  padding-top: 0px;\n  padding-bottom: 0px;\n  background-color: rgb(255, 255, 255);\n}\n<\/style>\n\t<\/section>\n\t\n\n\t<section class=\"section\" id=\"section_735820559\">\n\t\t<div class=\"section-bg fill\" >\n\t\t\t\t\t\t\t\t\t\n\t\t\t\n\n\t\t<\/div>\n\n\t\t\n\n\t\t<div class=\"section-content relative\">\n\t\t\t\n\n\t<div id=\"gap-176863907\" class=\"gap-element clearfix\" style=\"display:block; height:auto;\">\n\t\t\n<style>\n#gap-176863907 {\n  padding-top: 70px;\n}\n@media (min-width:550px) {\n  #gap-176863907 {\n    padding-top: 70px;\n  }\n}\n@media (min-width:850px) {\n  #gap-176863907 {\n    padding-top: 110px;\n  }\n}\n<\/style>\n\t<\/div>\n\t\n\n<div class=\"row align-center\"  id=\"row-1757252271\">\n\n\n\t<div id=\"col-1129218727\" class=\"col medium-8 small-12 large-7\"  >\n\t\t\t\t<div class=\"col-inner\"  >\n\t\t\t\n\t\t\t\n\n\t<div id=\"text-3985162071\" class=\"text\">\n\t\t\n\n<h3>Anreise<\/h3>\n<p>Das V\u00e4tterleden ist einfach zu finden. Es liegt an der E4 zwischen J\u00f6nk\u00f6ping und Gr\u00e4nna. Buchen Sie gern ein Zimmer oder kommen Sie auf einen kleinen Imbiss vorbei.<\/p>\n\t\t\n<style>\n#text-3985162071 {\n  text-align: center;\n}\n@media (min-width:550px) {\n  #text-3985162071 {\n    text-align: center;\n  }\n}\n<\/style>\n\t<\/div>\n\t\n\n\t\t<\/div>\n\t\t\t\t\t<\/div>\n\n\t\n\n<\/div>\n\t<div id=\"gap-1514392961\" class=\"gap-element clearfix\" style=\"display:block; height:auto;\">\n\t\t\n<style>\n#gap-1514392961 {\n  padding-top: 20px;\n}\n@media (min-width:850px) {\n  #gap-1514392961 {\n    padding-top: 60px;\n  }\n}\n<\/style>\n\t<\/div>\n\t\n\n\n\t\t<\/div>\n\n\t\t\n<style>\n#section_735820559 {\n  padding-top: 0px;\n  padding-bottom: 0px;\n}\n<\/style>\n\t<\/section>\n\t\n","protected":false},"excerpt":{"rendered":"","protected":false},"author":1,"featured_media":6189,"parent":0,"menu_order":0,"comment_status":"closed","ping_status":"closed","template":"page-blank.php","meta":{"_acf_changed":false,"footnotes":""},"class_list":["post-6484","page","type-page","status-publish","has-post-thumbnail","hentry"],"acf":[],"yoast_head":"<!-- This site is optimized with the Yoast SEO plugin v27.4 - https:\/\/yoast.com\/product\/yoast-seo-wordpress\/ -->\n<title>Konferenz | V\u00e4tterleden<\/title>\n<meta name=\"description\" content=\"Wir bieten Tagungsl\u00f6sungen, die Ihren G\u00e4sten durch gutes Essen und guten Service einen angenehmen Aufenthalt und erfolgreiche Arbeitsergebnisse sichern.\" \/>\n<meta name=\"robots\" content=\"index, follow, max-snippet:-1, max-image-preview:large, max-video-preview:-1\" \/>\n<link rel=\"canonical\" href=\"https:\/\/www.vatterleden.se\/de\/konferenz\/\" \/>\n<meta property=\"og:locale\" content=\"de_DE\" \/>\n<meta property=\"og:type\" content=\"article\" \/>\n<meta property=\"og:title\" content=\"Konferenz | V\u00e4tterleden\" \/>\n<meta property=\"og:description\" content=\"Wir bieten Tagungsl\u00f6sungen, die Ihren G\u00e4sten durch gutes Essen und guten Service einen angenehmen Aufenthalt und erfolgreiche Arbeitsergebnisse sichern.\" \/>\n<meta property=\"og:url\" content=\"https:\/\/www.vatterleden.se\/de\/konferenz\/\" \/>\n<meta property=\"og:site_name\" content=\"V\u00e4tterleden\" \/>\n<meta property=\"article:modified_time\" content=\"2023-04-13T14:27:54+00:00\" \/>\n<meta property=\"og:image\" content=\"https:\/\/www.vatterleden.se\/wp-content\/uploads\/2023\/03\/DSC01608.jpg\" \/>\n\t<meta property=\"og:image:width\" content=\"1920\" \/>\n\t<meta property=\"og:image:height\" content=\"1276\" \/>\n\t<meta property=\"og:image:type\" content=\"image\/jpeg\" \/>\n<meta name=\"twitter:card\" content=\"summary_large_image\" \/>\n<meta name=\"twitter:label1\" content=\"Gesch\u00e4tzte Lesezeit\" \/>\n\t<meta name=\"twitter:data1\" content=\"3\u00a0Minuten\" \/>\n<script type=\"application\/ld+json\" class=\"yoast-schema-graph\">{\"@context\":\"https:\\\/\\\/schema.org\",\"@graph\":[{\"@type\":\"WebPage\",\"@id\":\"https:\\\/\\\/www.vatterleden.se\\\/de\\\/konferenz\\\/\",\"url\":\"https:\\\/\\\/www.vatterleden.se\\\/de\\\/konferenz\\\/\",\"name\":\"Konferenz | V\u00e4tterleden\",\"isPartOf\":{\"@id\":\"https:\\\/\\\/www.vatterleden.se\\\/#website\"},\"primaryImageOfPage\":{\"@id\":\"https:\\\/\\\/www.vatterleden.se\\\/de\\\/konferenz\\\/#primaryimage\"},\"image\":{\"@id\":\"https:\\\/\\\/www.vatterleden.se\\\/de\\\/konferenz\\\/#primaryimage\"},\"thumbnailUrl\":\"https:\\\/\\\/www.vatterleden.se\\\/wp-content\\\/uploads\\\/2023\\\/03\\\/DSC01608.jpg\",\"datePublished\":\"2023-04-13T11:04:04+00:00\",\"dateModified\":\"2023-04-13T14:27:54+00:00\",\"description\":\"Wir bieten Tagungsl\u00f6sungen, die Ihren G\u00e4sten durch gutes Essen und guten Service einen angenehmen Aufenthalt und erfolgreiche Arbeitsergebnisse sichern.\",\"breadcrumb\":{\"@id\":\"https:\\\/\\\/www.vatterleden.se\\\/de\\\/konferenz\\\/#breadcrumb\"},\"inLanguage\":\"de\",\"potentialAction\":[{\"@type\":\"ReadAction\",\"target\":[\"https:\\\/\\\/www.vatterleden.se\\\/de\\\/konferenz\\\/\"]}]},{\"@type\":\"ImageObject\",\"inLanguage\":\"de\",\"@id\":\"https:\\\/\\\/www.vatterleden.se\\\/de\\\/konferenz\\\/#primaryimage\",\"url\":\"https:\\\/\\\/www.vatterleden.se\\\/wp-content\\\/uploads\\\/2023\\\/03\\\/DSC01608.jpg\",\"contentUrl\":\"https:\\\/\\\/www.vatterleden.se\\\/wp-content\\\/uploads\\\/2023\\\/03\\\/DSC01608.jpg\",\"width\":1920,\"height\":1276},{\"@type\":\"BreadcrumbList\",\"@id\":\"https:\\\/\\\/www.vatterleden.se\\\/de\\\/konferenz\\\/#breadcrumb\",\"itemListElement\":[{\"@type\":\"ListItem\",\"position\":1,\"name\":\"Hem\",\"item\":\"https:\\\/\\\/www.vatterleden.se\\\/de\\\/\"},{\"@type\":\"ListItem\",\"position\":2,\"name\":\"Konferenz\"}]},{\"@type\":\"WebSite\",\"@id\":\"https:\\\/\\\/www.vatterleden.se\\\/#website\",\"url\":\"https:\\\/\\\/www.vatterleden.se\\\/\",\"name\":\"V\u00e4tterleden\",\"description\":\"\",\"potentialAction\":[{\"@type\":\"SearchAction\",\"target\":{\"@type\":\"EntryPoint\",\"urlTemplate\":\"https:\\\/\\\/www.vatterleden.se\\\/?s={search_term_string}\"},\"query-input\":{\"@type\":\"PropertyValueSpecification\",\"valueRequired\":true,\"valueName\":\"search_term_string\"}}],\"inLanguage\":\"de\"}]}<\/script>\n<!-- \/ Yoast SEO plugin. -->","yoast_head_json":{"title":"Konferenz | V\u00e4tterleden","description":"Wir bieten Tagungsl\u00f6sungen, die Ihren G\u00e4sten durch gutes Essen und guten Service einen angenehmen Aufenthalt und erfolgreiche Arbeitsergebnisse sichern.","robots":{"index":"index","follow":"follow","max-snippet":"max-snippet:-1","max-image-preview":"max-image-preview:large","max-video-preview":"max-video-preview:-1"},"canonical":"https:\/\/www.vatterleden.se\/de\/konferenz\/","og_locale":"de_DE","og_type":"article","og_title":"Konferenz | V\u00e4tterleden","og_description":"Wir bieten Tagungsl\u00f6sungen, die Ihren G\u00e4sten durch gutes Essen und guten Service einen angenehmen Aufenthalt und erfolgreiche Arbeitsergebnisse sichern.","og_url":"https:\/\/www.vatterleden.se\/de\/konferenz\/","og_site_name":"V\u00e4tterleden","article_modified_time":"2023-04-13T14:27:54+00:00","og_image":[{"width":1920,"height":1276,"url":"https:\/\/www.vatterleden.se\/wp-content\/uploads\/2023\/03\/DSC01608.jpg","type":"image\/jpeg"}],"twitter_card":"summary_large_image","twitter_misc":{"Gesch\u00e4tzte Lesezeit":"3\u00a0Minuten"},"schema":{"@context":"https:\/\/schema.org","@graph":[{"@type":"WebPage","@id":"https:\/\/www.vatterleden.se\/de\/konferenz\/","url":"https:\/\/www.vatterleden.se\/de\/konferenz\/","name":"Konferenz | V\u00e4tterleden","isPartOf":{"@id":"https:\/\/www.vatterleden.se\/#website"},"primaryImageOfPage":{"@id":"https:\/\/www.vatterleden.se\/de\/konferenz\/#primaryimage"},"image":{"@id":"https:\/\/www.vatterleden.se\/de\/konferenz\/#primaryimage"},"thumbnailUrl":"https:\/\/www.vatterleden.se\/wp-content\/uploads\/2023\/03\/DSC01608.jpg","datePublished":"2023-04-13T11:04:04+00:00","dateModified":"2023-04-13T14:27:54+00:00","description":"Wir bieten Tagungsl\u00f6sungen, die Ihren G\u00e4sten durch gutes Essen und guten Service einen angenehmen Aufenthalt und erfolgreiche Arbeitsergebnisse sichern.","breadcrumb":{"@id":"https:\/\/www.vatterleden.se\/de\/konferenz\/#breadcrumb"},"inLanguage":"de","potentialAction":[{"@type":"ReadAction","target":["https:\/\/www.vatterleden.se\/de\/konferenz\/"]}]},{"@type":"ImageObject","inLanguage":"de","@id":"https:\/\/www.vatterleden.se\/de\/konferenz\/#primaryimage","url":"https:\/\/www.vatterleden.se\/wp-content\/uploads\/2023\/03\/DSC01608.jpg","contentUrl":"https:\/\/www.vatterleden.se\/wp-content\/uploads\/2023\/03\/DSC01608.jpg","width":1920,"height":1276},{"@type":"BreadcrumbList","@id":"https:\/\/www.vatterleden.se\/de\/konferenz\/#breadcrumb","itemListElement":[{"@type":"ListItem","position":1,"name":"Hem","item":"https:\/\/www.vatterleden.se\/de\/"},{"@type":"ListItem","position":2,"name":"Konferenz"}]},{"@type":"WebSite","@id":"https:\/\/www.vatterleden.se\/#website","url":"https:\/\/www.vatterleden.se\/","name":"V\u00e4tterleden","description":"","potentialAction":[{"@type":"SearchAction","target":{"@type":"EntryPoint","urlTemplate":"https:\/\/www.vatterleden.se\/?s={search_term_string}"},"query-input":{"@type":"PropertyValueSpecification","valueRequired":true,"valueName":"search_term_string"}}],"inLanguage":"de"}]}},"_links":{"self":[{"href":"https:\/\/www.vatterleden.se\/de\/wp-json\/wp\/v2\/pages\/6484","targetHints":{"allow":["GET"]}}],"collection":[{"href":"https:\/\/www.vatterleden.se\/de\/wp-json\/wp\/v2\/pages"}],"about":[{"href":"https:\/\/www.vatterleden.se\/de\/wp-json\/wp\/v2\/types\/page"}],"author":[{"embeddable":true,"href":"https:\/\/www.vatterleden.se\/de\/wp-json\/wp\/v2\/users\/1"}],"replies":[{"embeddable":true,"href":"https:\/\/www.vatterleden.se\/de\/wp-json\/wp\/v2\/comments?post=6484"}],"version-history":[{"count":9,"href":"https:\/\/www.vatterleden.se\/de\/wp-json\/wp\/v2\/pages\/6484\/revisions"}],"predecessor-version":[{"id":6580,"href":"https:\/\/www.vatterleden.se\/de\/wp-json\/wp\/v2\/pages\/6484\/revisions\/6580"}],"wp:featuredmedia":[{"embeddable":true,"href":"https:\/\/www.vatterleden.se\/de\/wp-json\/wp\/v2\/media\/6189"}],"wp:attachment":[{"href":"https:\/\/www.vatterleden.se\/de\/wp-json\/wp\/v2\/media?parent=6484"}],"curies":[{"name":"wp","href":"https:\/\/api.w.org\/{rel}","templated":true}]}}