{"id":6217,"date":"2023-03-24T10:01:16","date_gmt":"2023-03-24T09:01:16","guid":{"rendered":"http:\/\/test.vatterleden.se\/?page_id=6217"},"modified":"2024-03-19T17:46:23","modified_gmt":"2024-03-19T16:46:23","slug":"groups","status":"publish","type":"page","link":"https:\/\/www.vatterleden.se\/en\/groups\/","title":{"rendered":"Groups"},"content":{"rendered":"\n\n\t<section class=\"section sectioncolored dark\" id=\"section_547552251\">\n\t\t<div class=\"section-bg fill\" >\n\t\t\t\t\t\t\t\t\t\n\t\t\t\n\n\t\t<\/div>\n\n\t\t\n\n\t\t<div class=\"section-content relative\">\n\t\t\t\n\n\t<div id=\"gap-1045605910\" class=\"gap-element clearfix\" style=\"display:block; height:auto;\">\n\t\t\n<style>\n#gap-1045605910 {\n  padding-top: 110px;\n}\n@media (min-width:550px) {\n  #gap-1045605910 {\n    padding-top: 150px;\n  }\n}\n<\/style>\n\t<\/div>\n\t\n\n<div class=\"row\"  id=\"row-1015947410\">\n\n\n\t<div id=\"col-1328966233\" class=\"col small-12 large-12\"  >\n\t\t\t\t<div class=\"col-inner\"  >\n\t\t\t\n\t\t\t\n\n<h1>Groups \u2013 Eat Well and Stay Comfortably<\/h1>\n\n\t\t<\/div>\n\t\t\t\t\n<style>\n#col-1328966233 > .col-inner {\n  margin: 0px 0px -20px 0px;\n}\n@media (min-width:550px) {\n  #col-1328966233 > .col-inner {\n    margin: 0px 0px -20px 0px;\n  }\n}\n@media (min-width:850px) {\n  #col-1328966233 > .col-inner {\n    margin: 0px 0px -20px 0px;\n  }\n}\n<\/style>\n\t<\/div>\n\n\t\n\n\t<div id=\"col-785212018\" class=\"col medium-6 small-12 large-6\"  >\n\t\t\t\t<div class=\"col-inner\"  >\n\t\t\t\n\t\t\t\n\n<p>Are you a larger group who have planned to eat with us? For a fast and smooth service, you can pre-order coffee\/food. Order a maximum of three different options from the menu below for extra good prices and set tables already upon arrival. Tour guide and driver choose freely from our \u00e0 la carte menu. If you do not want to pre-order, it is still good if you call us before you come so that we can prepare for a larger party.<\/p>\n\n\t\t<\/div>\n\t\t\t\t\n<style>\n#col-785212018 > .col-inner {\n  margin: 0px 0px -20px 0px;\n}\n@media (min-width:550px) {\n  #col-785212018 > .col-inner {\n    margin: 0px 0px 0px 0px;\n  }\n}\n@media (min-width:850px) {\n  #col-785212018 > .col-inner {\n    margin: 0px 0px 0 0px;\n  }\n}\n<\/style>\n\t<\/div>\n\n\t\n\n\t<div id=\"col-1103925784\" class=\"col medium-6 small-12 large-6\"  >\n\t\t\t\t<div class=\"col-inner\"  >\n\t\t\t\n\t\t\t\n\n<p>Are you a large group that not only wants to eat but also stay overnight? We offer hotel rooms with free access to wifi and really good prices for accommodation and half board when you book rooms for larger groups. Call or email us and we will prepare a quote for your group. We offer bus drivers extra good prices if they choose to stay with the company.<\/p>\n\n\t\t<\/div>\n\t\t\t\t\t<\/div>\n\n\t\n\n<\/div>\n\t<div id=\"gap-575420893\" class=\"gap-element clearfix\" style=\"display:block; height:auto;\">\n\t\t\n<style>\n#gap-575420893 {\n  padding-top: 15px;\n}\n@media (min-width:550px) {\n  #gap-575420893 {\n    padding-top: 30px;\n  }\n}\n<\/style>\n\t<\/div>\n\t\n\n<div class=\"row\"  id=\"row-202180340\">\n\n\n\t<div id=\"col-1141703855\" class=\"col small-12 large-12\"  >\n\t\t\t\t<div class=\"col-inner text-center\"  >\n\t\t\t\n\t\t\t\n\n\t<div id=\"text-4208943407\" class=\"text boldtext\">\n\t\t\n\n<p style=\"max-width: 450px; margin: auto;\">Do you drive the bus? We have extra good prices on rooms for bus drivers who want to stay overnight.<\/p>\n\t\t\t<\/div>\n\t\n\t<div id=\"gap-34443916\" class=\"gap-element clearfix\" style=\"display:block; height:auto;\">\n\t\t\n<style>\n#gap-34443916 {\n  padding-top: 15px;\n}\n@media (min-width:550px) {\n  #gap-34443916 {\n    padding-top: 15px;\n  }\n}\n<\/style>\n\t<\/div>\n\t\n\n<a href=\"\/en\/contact\/\" class=\"button alert buttonlength\"  >\n\t\t<span>Contact Us<\/span>\n\t<\/a>\n\n\n\n\t\t<\/div>\n\t\t\t\t\t<\/div>\n\n\t\n\n<\/div>\n\t<div id=\"gap-835448227\" class=\"gap-element clearfix\" style=\"display:block; height:auto;\">\n\t\t\n<style>\n#gap-835448227 {\n  padding-top: 15px;\n}\n@media (min-width:550px) {\n  #gap-835448227 {\n    padding-top: 30px;\n  }\n}\n<\/style>\n\t<\/div>\n\t\n\n<div class=\"row\"  id=\"row-1824556119\">\n\n\n\t<div id=\"col-649904575\" class=\"col medium-4 small-12 large-4\"  >\n\t\t\t\t<div class=\"col-inner\"  >\n\t\t\t\n\t\t\t\n\n\n  <div class=\"banner has-hover\" id=\"banner-114633528\">\n          <div class=\"banner-inner fill\">\n        <div class=\"banner-bg fill\" >\n            <img loading=\"lazy\" decoding=\"async\" width=\"960\" height=\"638\" src=\"https:\/\/www.vatterleden.se\/wp-content\/uploads\/2023\/03\/DSC01512-960x638.jpg\" class=\"bg attachment-medium size-medium\" alt=\"\" \/>                                    \n                    <\/div>\n\t\t\n        <div class=\"banner-layers container\">\n            <div class=\"fill banner-link\"><\/div>            \n\n\n        <\/div>\n      <\/div>\n\n            \n<style>\n#banner-114633528 {\n  padding-top: 200px;\n}\n#banner-114633528 .banner-bg img {\n  object-position: 44% 53%;\n}\n@media (min-width:550px) {\n  #banner-114633528 {\n    padding-top: 300px;\n  }\n}\n@media (min-width:850px) {\n  #banner-114633528 {\n    padding-top: 115%;\n  }\n}\n<\/style>\n  <\/div>\n\n\n\n\t\t<\/div>\n\t\t\t\t\n<style>\n#col-649904575 > .col-inner {\n  margin: 0px 0px 0 0px;\n}\n@media (min-width:550px) {\n  #col-649904575 > .col-inner {\n    margin: 0px 0px -30px 0px;\n  }\n}\n@media (min-width:850px) {\n  #col-649904575 > .col-inner {\n    margin: 0px 0px -30px 0px;\n  }\n}\n<\/style>\n\t<\/div>\n\n\t\n\n\t<div id=\"col-1726347796\" class=\"col medium-4 small-12 large-4\"  >\n\t\t\t\t<div class=\"col-inner\"  >\n\t\t\t\n\t\t\t\n\n\n  <div class=\"banner has-hover\" id=\"banner-317587423\">\n          <div class=\"banner-inner fill\">\n        <div class=\"banner-bg fill\" >\n            <img loading=\"lazy\" decoding=\"async\" width=\"960\" height=\"638\" src=\"https:\/\/www.vatterleden.se\/wp-content\/uploads\/2023\/03\/DSC01819-960x638.jpg\" class=\"bg attachment-medium size-medium\" alt=\"\" \/>                                    \n                    <\/div>\n\t\t\n        <div class=\"banner-layers container\">\n            <div class=\"fill banner-link\"><\/div>            \n\n\n        <\/div>\n      <\/div>\n\n            \n<style>\n#banner-317587423 {\n  padding-top: 200px;\n}\n#banner-317587423 .banner-bg img {\n  object-position: 19% 70%;\n}\n@media (min-width:550px) {\n  #banner-317587423 {\n    padding-top: 300px;\n  }\n}\n@media (min-width:850px) {\n  #banner-317587423 {\n    padding-top: 115%;\n  }\n}\n<\/style>\n  <\/div>\n\n\n\n\t\t<\/div>\n\t\t\t\t\n<style>\n#col-1726347796 > .col-inner {\n  margin: 0px 0px -30px 0px;\n}\n@media (min-width:850px) {\n  #col-1726347796 > .col-inner {\n    margin: 0px 0px -30px 0px;\n  }\n}\n<\/style>\n\t<\/div>\n\n\t\n\n\t<div id=\"col-951461000\" class=\"col medium-4 small-12 large-4\"  >\n\t\t\t\t<div class=\"col-inner\"  >\n\t\t\t\n\t\t\t\n\n\n  <div class=\"banner has-hover\" id=\"banner-1391128361\">\n          <div class=\"banner-inner fill\">\n        <div class=\"banner-bg fill\" >\n            <img loading=\"lazy\" decoding=\"async\" width=\"960\" height=\"638\" src=\"https:\/\/www.vatterleden.se\/wp-content\/uploads\/2023\/03\/DSC01210-960x638.jpg\" class=\"bg attachment-medium size-medium\" alt=\"\" \/>                                    \n                    <\/div>\n\t\t\n        <div class=\"banner-layers container\">\n            <div class=\"fill banner-link\"><\/div>            \n\n\n        <\/div>\n      <\/div>\n\n            \n<style>\n#banner-1391128361 {\n  padding-top: 200px;\n}\n#banner-1391128361 .banner-bg img {\n  object-position: 44% 35%;\n}\n@media (min-width:550px) {\n  #banner-1391128361 {\n    padding-top: 300px;\n  }\n}\n@media (min-width:850px) {\n  #banner-1391128361 {\n    padding-top: 115%;\n  }\n}\n<\/style>\n  <\/div>\n\n\n\n\t\t<\/div>\n\t\t\t\t\n<style>\n#col-951461000 > .col-inner {\n  margin: 0px 0px 0 0px;\n}\n@media (min-width:550px) {\n  #col-951461000 > .col-inner {\n    margin: 0px 0px -30px 0px;\n  }\n}\n@media (min-width:850px) {\n  #col-951461000 > .col-inner {\n    margin: 0px 0px -30px 0px;\n  }\n}\n<\/style>\n\t<\/div>\n\n\t\n\n<\/div>\n\n\t\t<\/div>\n\n\t\t\n<style>\n#section_547552251 {\n  padding-top: 0px;\n  padding-bottom: 0px;\n  background-color: #376083;\n}\n<\/style>\n\t<\/section>\n\t\n\n\t<section class=\"section index12 carte\" id=\"section_297245591\">\n\t\t<div class=\"section-bg fill\" >\n\t\t\t\t\t\t\t\t\t\n\t\t\t\n\n\t\t<\/div>\n\n\t\t\n\n\t\t<div class=\"section-content relative\">\n\t\t\t\n\n\t<div id=\"gap-1985995622\" class=\"gap-element clearfix\" style=\"display:block; height:auto;\">\n\t\t\n<style>\n#gap-1985995622 {\n  padding-top: 100px;\n}\n@media (min-width:550px) {\n  #gap-1985995622 {\n    padding-top: 210px;\n  }\n}\n@media (min-width:850px) {\n  #gap-1985995622 {\n    padding-top: 330px;\n  }\n}\n<\/style>\n\t<\/div>\n\t\n\n<div class=\"row align-middle\"  id=\"row-941587790\">\n\n\n\t<div id=\"col-306753144\" class=\"col medium-6 small-12 large-6\"  >\n\t\t\t\t<div class=\"col-inner\"  >\n\t\t\t\n\t\t\t\n\n<h2>Group Menu<\/h2>\n\n\t\t<\/div>\n\t\t\t\t\n<style>\n#col-306753144 > .col-inner {\n  margin: 0px 0px -35px 0px;\n}\n@media (min-width:550px) {\n  #col-306753144 > .col-inner {\n    margin: 0px 0px 0 0px;\n  }\n}\n@media (min-width:850px) {\n  #col-306753144 > .col-inner {\n    margin: 0px 0px 0 0px;\n  }\n}\n<\/style>\n\t<\/div>\n\n\t\n\n\t<div id=\"col-1728405515\" class=\"col medium-6 small-12 large-6\"  >\n\t\t\t\t<div class=\"col-inner\"  >\n\t\t\t\n\t\t\t\n\n\t<div id=\"text-3288536085\" class=\"text\">\n\t\t\n\n<p style=\"font-size: 14px!important; max-width: 370px; margin-left: auto;\">Book two days in advance, applies to parties larger than 15 people. Bread, salad and coffee are included.<\/p>\n\t\t\n<style>\n#text-3288536085 {\n  text-align: left;\n}\n@media (min-width:550px) {\n  #text-3288536085 {\n    text-align: left;\n  }\n}\n@media (min-width:850px) {\n  #text-3288536085 {\n    text-align: right;\n  }\n}\n<\/style>\n\t<\/div>\n\t\n\n\t\t<\/div>\n\t\t\t\t\t<\/div>\n\n\t\n\n<\/div>\n<div class=\"row row-large\"  id=\"row-354291519\">\n\n\n\t<div id=\"col-566319863\" class=\"col medium-6 small-12 large-6\"  >\n\t\t\t\t<div class=\"col-inner\"  >\n\t\t\t\n\t\t\t\n\n<h3>Coffee &amp; Cinnamon bun or Danish<\/h3>\n<p>\u00a0<\/p>\n<h6 class=\"pris\">SEK 49<\/h6>\n\n\n\t\t<\/div>\n\t\t\t\t\t<\/div>\n\n\t\n\n\t<div id=\"col-1225940601\" class=\"col medium-6 small-12 large-6\"  >\n\t\t\t\t<div class=\"col-inner\"  >\n\t\t\t\n\t\t\t\n\n<h3>Coffee and ham &amp; cheese roll<\/h3>\n<p>\u00a0<\/p>\n<h6 class=\"pris\">SEK 60<\/h6>\n\n\t\t<\/div>\n\t\t\t\t\t<\/div>\n\n\t\n\n\t<div id=\"col-859935834\" class=\"col medium-6 small-12 large-6\"  >\n\t\t\t\t<div class=\"col-inner\"  >\n\t\t\t\n\t\t\t\n\n<h3>Coffee &amp; Shrimp Sandwich<\/h3>\n<p>\u00a0<\/p>\n<h6 class=\"pris\">SEK 149<\/h6>\n\n\t\t<\/div>\n\t\t\t\t\t<\/div>\n\n\t\n\n\t<div id=\"col-389872985\" class=\"col medium-6 small-12 large-6\"  >\n\t\t\t\t<div class=\"col-inner\"  >\n\t\t\t\n\t\t\t\n\n<h3>V\u00e4tterleden's Schnitzel<\/h3>\n<p>Homemade b\u00e9arnaise, capers, lemon, fried potatoes<\/p>\n<h6 class=\"pris\">SEK 169<\/h6>\n\n\t\t<\/div>\n\t\t\t\t\t<\/div>\n\n\t\n\n\t<div id=\"col-515472175\" class=\"col medium-6 small-12 large-6\"  >\n\t\t\t\t<div class=\"col-inner\"  >\n\t\t\t\n\t\t\t\n\n<h3>Roast Chicken<\/h3>\n<p>Swedish chicken fillet, balsamic sauce, herb-fried potatoes, fried vegetables<\/p>\n<h6 class=\"pris\">SEK 159<\/h6>\n\n\t\t<\/div>\n\t\t\t\t\t<\/div>\n\n\t\n\n\t<div id=\"col-1784875963\" class=\"col medium-6 small-12 large-6\"  >\n\t\t\t\t<div class=\"col-inner\"  >\n\t\t\t\n\t\t\t\n\n<h3>Oven Baked Salmon<\/h3>\n<p>Stenbits rum sauce, boiled potatoes, warm vegetables<\/p>\n<h6 class=\"pris\">SEK 159<\/h6>\n\n\t\t<\/div>\n\t\t\t\t\t<\/div>\n\n\t\n\n\t<div id=\"col-294860266\" class=\"col medium-6 small-12 large-6\"  >\n\t\t\t\t<div class=\"col-inner\"  >\n\t\t\t\n\t\t\t\n\n<h3>\"Isterband\" from Sm\u00e5land<\/h3>\n<p>\"Sausage\", dill stewed potatoes, beetroot, mustard<\/p>\n<h6 class=\"pris\">SEK 139<\/h6>\n\n\t\t<\/div>\n\t\t\t\t\t<\/div>\n\n\t\n\n\t<div id=\"col-1085697181\" class=\"col medium-6 small-12 large-6\"  >\n\t\t\t\t<div class=\"col-inner\"  >\n\t\t\t\n\t\t\t\n\n<h3>Breaded veal pan steak<\/h3>\n<p>\"Wallenbergare\", mashed potatoes, clarified butter, green peas, lingonberries<\/p>\n<h6 class=\"pris\">SEK 139<\/h6>\n\n\t\t<\/div>\n\t\t\t\t\t<\/div>\n\n\t\n\n\t<div id=\"col-1591983001\" class=\"col medium-6 small-12 large-6\"  >\n\t\t\t\t<div class=\"col-inner\"  >\n\t\t\t\n\t\t\t\n\n<h3>Homemade Pan Steak<\/h3>\n<p>Onions, cream sauce, lingonberries, boiled potatoes<\/p>\n<h6 class=\"pris\">SEK 129<\/h6>\n\n\t\t<\/div>\n\t\t\t\t\t<\/div>\n\n\t\n\n\t<div id=\"col-1873472254\" class=\"col medium-6 small-12 large-6\"  >\n\t\t\t\t<div class=\"col-inner\"  >\n\t\t\t\n\t\t\t\n\n<h3>Creamy Chicken Stew<\/h3>\n<p>Rice or pasta, Swedish chicken, tomato, basil<\/p>\n<h6 class=\"pris\">SEK 129<\/h6>\n\n\t\t<\/div>\n\t\t\t\t\t<\/div>\n\n\t\n\n\t<div id=\"col-404410696\" class=\"col medium-6 small-12 large-6\"  >\n\t\t\t\t<div class=\"col-inner\"  >\n\t\t\t\n\t\t\t\n\n<h3>Breaded Hoki (White Fish Fillet)<\/h3>\n<p>Remoulade sauce, lemon, warm vegetables, boiled potatoes<\/p>\n<h6 class=\"pris\">SEK 119<\/h6>\n\n\t\t<\/div>\n\t\t\t\t\t<\/div>\n\n\t\n\n\t<div id=\"col-1933833309\" class=\"col medium-6 small-12 large-6\"  >\n\t\t\t\t<div class=\"col-inner\"  >\n\t\t\t\n\t\t\t\n\n<h3>Meatballs<\/h3>\n<p>Cream sauce, lingonberry jam, boiled potatoes<\/p>\n<h6 class=\"pris\">SEK 119<\/h6>\n\n\t\t<\/div>\n\t\t\t\t\t<\/div>\n\n\t\n\n\t<div id=\"col-1672745620\" class=\"col medium-6 small-12 large-6\"  >\n\t\t\t\t<div class=\"col-inner\"  >\n\t\t\t\n\t\t\t\n\n<h3>V\u00e4tterleden's Lentil Stew (V)<\/h3>\n<p>Pasta, potatoes, cr\u00e8me fraiche (V)<\/p>\n<h6 class=\"pris\">SEK 119<\/h6>\n\n\t\t<\/div>\n\t\t\t\t\t<\/div>\n\n\t\n\n\t<div id=\"col-868750973\" class=\"col medium-6 small-12 large-6\"  >\n\t\t\t\t<div class=\"col-inner\"  >\n\t\t\t\n\t\t\t\n\n<h3>Pasta Bolognese<\/h3>\n<p>(beef) Served with grated cheese<\/p>\n<h6 class=\"pris\">SEK 119<\/h6>\n\n\t\t<\/div>\n\t\t\t\t\t<\/div>\n\n\t\n\n\t<div id=\"col-1924071230\" class=\"col small-12 large-12\"  >\n\t\t\t\t<div class=\"col-inner text-center\"  >\n\t\t\t\n\t\t\t\n\n<a href=\"tel:+46(0)36\u2013522%2030\" class=\"button alert buttonlength\"  >\n\t\t<span>Call and pre-order<\/span>\n\t<\/a>\n\n\n\n\t\t<\/div>\n\t\t\t\t\n<style>\n#col-1924071230 > .col-inner {\n  padding: 15px 0px 0px 0px;\n}\n@media (min-width:550px) {\n  #col-1924071230 > .col-inner {\n    padding: 15px 0px 0px 0px;\n  }\n}\n@media (min-width:850px) {\n  #col-1924071230 > .col-inner {\n    padding: 30px 0px 0px 0px;\n  }\n}\n<\/style>\n\t<\/div>\n\n\t\n\n<\/div>\n\n\t<div id=\"gap-328455199\" class=\"gap-element clearfix\" style=\"display:block; height:auto;\">\n\t\t\n<style>\n#gap-328455199 {\n  padding-top: 31px;\n}\n@media (min-width:850px) {\n  #gap-328455199 {\n    padding-top: 60px;\n  }\n}\n<\/style>\n\t<\/div>\n\t\n\n\n\t\t<\/div>\n\n\t\t\n<style>\n#section_297245591 {\n  padding-top: 0px;\n  padding-bottom: 0px;\n  background-color: rgb(255, 255, 255);\n}\n<\/style>\n\t<\/section>\n\t\n\n\t<section class=\"section\" id=\"section_2026801094\">\n\t\t<div class=\"section-bg fill\" >\n\t\t\t\t\t\t\t\t\t\n\t\t\t\n\n\t\t<\/div>\n\n\t\t\n\n\t\t<div class=\"section-content relative\">\n\t\t\t\n\n\n\t<section class=\"section\" id=\"section_2103252016\">\n\t\t<div class=\"section-bg fill\" >\n\t\t\t\t\t\t\t\t\t\n\t\t\t\n\n\t\t<\/div>\n\n\t\t\n\n\t\t<div class=\"section-content relative\">\n\t\t\t\n\n\t<div id=\"gap-1771226734\" class=\"gap-element clearfix\" style=\"display:block; height:auto;\">\n\t\t\n<style>\n#gap-1771226734 {\n  padding-top: 70px;\n}\n@media (min-width:550px) {\n  #gap-1771226734 {\n    padding-top: 70px;\n  }\n}\n@media (min-width:850px) {\n  #gap-1771226734 {\n    padding-top: 110px;\n  }\n}\n<\/style>\n\t<\/div>\n\t\n\n<div class=\"row align-center\"  id=\"row-1145449563\">\n\n\n\t<div id=\"col-1044944765\" class=\"col medium-8 small-12 large-7\"  >\n\t\t\t\t<div class=\"col-inner\"  >\n\t\t\t\n\t\t\t\n\n\t<div id=\"text-2967150857\" class=\"text\">\n\t\t\n\n<h3>Find Us<\/h3>\n<p>It is easy to find Hotel V\u00e4tterleden.\u00a0We are located along the E4 between J\u00f6nk\u00f6ping and Gr\u00e4nna. You are welcome to book a room or come in to eat.<\/p>\n\n\t\t\n<style>\n#text-2967150857 {\n  text-align: center;\n}\n@media (min-width:550px) {\n  #text-2967150857 {\n    text-align: center;\n  }\n}\n<\/style>\n\t<\/div>\n\t\n\n\t\t<\/div>\n\t\t\t\t\t<\/div>\n\n\t\n\n<\/div>\n\t<div id=\"gap-55493230\" class=\"gap-element clearfix\" style=\"display:block; height:auto;\">\n\t\t\n<style>\n#gap-55493230 {\n  padding-top: 20px;\n}\n@media (min-width:850px) {\n  #gap-55493230 {\n    padding-top: 60px;\n  }\n}\n<\/style>\n\t<\/div>\n\t\n\n\n\t\t<\/div>\n\n\t\t\n<style>\n#section_2103252016 {\n  padding-top: 0px;\n  padding-bottom: 0px;\n}\n<\/style>\n\t<\/section>\n\t\n\n\n\t\t<\/div>\n\n\t\t\n<style>\n#section_2026801094 {\n  padding-top: 0px;\n  padding-bottom: 0px;\n  background-color: rgb(247, 250, 252);\n}\n<\/style>\n\t<\/section>\n\t\n","protected":false},"excerpt":{"rendered":"","protected":false},"author":1,"featured_media":5881,"parent":0,"menu_order":0,"comment_status":"closed","ping_status":"closed","template":"page-blank.php","meta":{"_acf_changed":false,"footnotes":""},"class_list":["post-6217","page","type-page","status-publish","has-post-thumbnail","hentry"],"acf":[],"yoast_head":"<!-- This site is optimized with the Yoast SEO plugin v27.4 - https:\/\/yoast.com\/product\/yoast-seo-wordpress\/ -->\n<title>Groups | V\u00e4tterleden<\/title>\n<meta name=\"description\" content=\"Are you a larger group that wishes to book a table or accommodation? Contact us and we will send you a quote according to your wishes.\" \/>\n<meta name=\"robots\" content=\"index, follow, max-snippet:-1, max-image-preview:large, max-video-preview:-1\" \/>\n<link rel=\"canonical\" href=\"https:\/\/www.vatterleden.se\/en\/groups\/\" \/>\n<meta property=\"og:locale\" content=\"en_US\" \/>\n<meta property=\"og:type\" content=\"article\" \/>\n<meta property=\"og:title\" content=\"Groups | V\u00e4tterleden\" \/>\n<meta property=\"og:description\" content=\"Are you a larger group that wishes to book a table or accommodation? Contact us and we will send you a quote according to your wishes.\" \/>\n<meta property=\"og:url\" content=\"https:\/\/www.vatterleden.se\/en\/groups\/\" \/>\n<meta property=\"og:site_name\" content=\"V\u00e4tterleden\" \/>\n<meta property=\"article:modified_time\" content=\"2024-03-19T16:46:23+00:00\" \/>\n<meta property=\"og:image\" content=\"https:\/\/www.vatterleden.se\/wp-content\/uploads\/2023\/03\/DSC01215.jpg\" \/>\n\t<meta property=\"og:image:width\" content=\"1920\" \/>\n\t<meta property=\"og:image:height\" content=\"1276\" \/>\n\t<meta property=\"og:image:type\" content=\"image\/jpeg\" \/>\n<meta name=\"twitter:card\" content=\"summary_large_image\" \/>\n<meta name=\"twitter:label1\" content=\"Est. reading time\" \/>\n\t<meta name=\"twitter:data1\" content=\"2 minutes\" \/>\n<script type=\"application\/ld+json\" class=\"yoast-schema-graph\">{\"@context\":\"https:\\\/\\\/schema.org\",\"@graph\":[{\"@type\":\"WebPage\",\"@id\":\"https:\\\/\\\/www.vatterleden.se\\\/en\\\/groups\\\/\",\"url\":\"https:\\\/\\\/www.vatterleden.se\\\/en\\\/groups\\\/\",\"name\":\"Groups | V\u00e4tterleden\",\"isPartOf\":{\"@id\":\"https:\\\/\\\/www.vatterleden.se\\\/#website\"},\"primaryImageOfPage\":{\"@id\":\"https:\\\/\\\/www.vatterleden.se\\\/en\\\/groups\\\/#primaryimage\"},\"image\":{\"@id\":\"https:\\\/\\\/www.vatterleden.se\\\/en\\\/groups\\\/#primaryimage\"},\"thumbnailUrl\":\"https:\\\/\\\/www.vatterleden.se\\\/wp-content\\\/uploads\\\/2023\\\/03\\\/DSC01215.jpg\",\"datePublished\":\"2023-03-24T09:01:16+00:00\",\"dateModified\":\"2024-03-19T16:46:23+00:00\",\"description\":\"Are you a larger group that wishes to book a table or accommodation? Contact us and we will send you a quote according to your wishes.\",\"breadcrumb\":{\"@id\":\"https:\\\/\\\/www.vatterleden.se\\\/en\\\/groups\\\/#breadcrumb\"},\"inLanguage\":\"en-US\",\"potentialAction\":[{\"@type\":\"ReadAction\",\"target\":[\"https:\\\/\\\/www.vatterleden.se\\\/en\\\/groups\\\/\"]}]},{\"@type\":\"ImageObject\",\"inLanguage\":\"en-US\",\"@id\":\"https:\\\/\\\/www.vatterleden.se\\\/en\\\/groups\\\/#primaryimage\",\"url\":\"https:\\\/\\\/www.vatterleden.se\\\/wp-content\\\/uploads\\\/2023\\\/03\\\/DSC01215.jpg\",\"contentUrl\":\"https:\\\/\\\/www.vatterleden.se\\\/wp-content\\\/uploads\\\/2023\\\/03\\\/DSC01215.jpg\",\"width\":1920,\"height\":1276},{\"@type\":\"BreadcrumbList\",\"@id\":\"https:\\\/\\\/www.vatterleden.se\\\/en\\\/groups\\\/#breadcrumb\",\"itemListElement\":[{\"@type\":\"ListItem\",\"position\":1,\"name\":\"Hem\",\"item\":\"https:\\\/\\\/www.vatterleden.se\\\/en\\\/\"},{\"@type\":\"ListItem\",\"position\":2,\"name\":\"Groups\"}]},{\"@type\":\"WebSite\",\"@id\":\"https:\\\/\\\/www.vatterleden.se\\\/#website\",\"url\":\"https:\\\/\\\/www.vatterleden.se\\\/\",\"name\":\"V\u00e4tterleden\",\"description\":\"\",\"potentialAction\":[{\"@type\":\"SearchAction\",\"target\":{\"@type\":\"EntryPoint\",\"urlTemplate\":\"https:\\\/\\\/www.vatterleden.se\\\/?s={search_term_string}\"},\"query-input\":{\"@type\":\"PropertyValueSpecification\",\"valueRequired\":true,\"valueName\":\"search_term_string\"}}],\"inLanguage\":\"en-US\"}]}<\/script>\n<!-- \/ Yoast SEO plugin. -->","yoast_head_json":{"title":"Groups | V\u00e4tterleden","description":"Are you a larger group that wishes to book a table or accommodation? Contact us and we will send you a quote according to your wishes.","robots":{"index":"index","follow":"follow","max-snippet":"max-snippet:-1","max-image-preview":"max-image-preview:large","max-video-preview":"max-video-preview:-1"},"canonical":"https:\/\/www.vatterleden.se\/en\/groups\/","og_locale":"en_US","og_type":"article","og_title":"Groups | V\u00e4tterleden","og_description":"Are you a larger group that wishes to book a table or accommodation? Contact us and we will send you a quote according to your wishes.","og_url":"https:\/\/www.vatterleden.se\/en\/groups\/","og_site_name":"V\u00e4tterleden","article_modified_time":"2024-03-19T16:46:23+00:00","og_image":[{"width":1920,"height":1276,"url":"https:\/\/www.vatterleden.se\/wp-content\/uploads\/2023\/03\/DSC01215.jpg","type":"image\/jpeg"}],"twitter_card":"summary_large_image","twitter_misc":{"Est. reading time":"2 minutes"},"schema":{"@context":"https:\/\/schema.org","@graph":[{"@type":"WebPage","@id":"https:\/\/www.vatterleden.se\/en\/groups\/","url":"https:\/\/www.vatterleden.se\/en\/groups\/","name":"Groups | V\u00e4tterleden","isPartOf":{"@id":"https:\/\/www.vatterleden.se\/#website"},"primaryImageOfPage":{"@id":"https:\/\/www.vatterleden.se\/en\/groups\/#primaryimage"},"image":{"@id":"https:\/\/www.vatterleden.se\/en\/groups\/#primaryimage"},"thumbnailUrl":"https:\/\/www.vatterleden.se\/wp-content\/uploads\/2023\/03\/DSC01215.jpg","datePublished":"2023-03-24T09:01:16+00:00","dateModified":"2024-03-19T16:46:23+00:00","description":"Are you a larger group that wishes to book a table or accommodation? Contact us and we will send you a quote according to your wishes.","breadcrumb":{"@id":"https:\/\/www.vatterleden.se\/en\/groups\/#breadcrumb"},"inLanguage":"en-US","potentialAction":[{"@type":"ReadAction","target":["https:\/\/www.vatterleden.se\/en\/groups\/"]}]},{"@type":"ImageObject","inLanguage":"en-US","@id":"https:\/\/www.vatterleden.se\/en\/groups\/#primaryimage","url":"https:\/\/www.vatterleden.se\/wp-content\/uploads\/2023\/03\/DSC01215.jpg","contentUrl":"https:\/\/www.vatterleden.se\/wp-content\/uploads\/2023\/03\/DSC01215.jpg","width":1920,"height":1276},{"@type":"BreadcrumbList","@id":"https:\/\/www.vatterleden.se\/en\/groups\/#breadcrumb","itemListElement":[{"@type":"ListItem","position":1,"name":"Hem","item":"https:\/\/www.vatterleden.se\/en\/"},{"@type":"ListItem","position":2,"name":"Groups"}]},{"@type":"WebSite","@id":"https:\/\/www.vatterleden.se\/#website","url":"https:\/\/www.vatterleden.se\/","name":"V\u00e4tterleden","description":"","potentialAction":[{"@type":"SearchAction","target":{"@type":"EntryPoint","urlTemplate":"https:\/\/www.vatterleden.se\/?s={search_term_string}"},"query-input":{"@type":"PropertyValueSpecification","valueRequired":true,"valueName":"search_term_string"}}],"inLanguage":"en-US"}]}},"_links":{"self":[{"href":"https:\/\/www.vatterleden.se\/en\/wp-json\/wp\/v2\/pages\/6217","targetHints":{"allow":["GET"]}}],"collection":[{"href":"https:\/\/www.vatterleden.se\/en\/wp-json\/wp\/v2\/pages"}],"about":[{"href":"https:\/\/www.vatterleden.se\/en\/wp-json\/wp\/v2\/types\/page"}],"author":[{"embeddable":true,"href":"https:\/\/www.vatterleden.se\/en\/wp-json\/wp\/v2\/users\/1"}],"replies":[{"embeddable":true,"href":"https:\/\/www.vatterleden.se\/en\/wp-json\/wp\/v2\/comments?post=6217"}],"version-history":[{"count":7,"href":"https:\/\/www.vatterleden.se\/en\/wp-json\/wp\/v2\/pages\/6217\/revisions"}],"predecessor-version":[{"id":6464,"href":"https:\/\/www.vatterleden.se\/en\/wp-json\/wp\/v2\/pages\/6217\/revisions\/6464"}],"wp:featuredmedia":[{"embeddable":true,"href":"https:\/\/www.vatterleden.se\/en\/wp-json\/wp\/v2\/media\/5881"}],"wp:attachment":[{"href":"https:\/\/www.vatterleden.se\/en\/wp-json\/wp\/v2\/media?parent=6217"}],"curies":[{"name":"wp","href":"https:\/\/api.w.org\/{rel}","templated":true}]}}