{"id":6253,"date":"2023-03-24T10:16:52","date_gmt":"2023-03-24T09:16:52","guid":{"rendered":"http:\/\/test.vatterleden.se\/?page_id=6253"},"modified":"2025-01-28T10:38:26","modified_gmt":"2025-01-28T09:38:26","slug":"conference","status":"publish","type":"page","link":"https:\/\/www.vatterleden.se\/en\/conference\/","title":{"rendered":"Conference"},"content":{"rendered":"\n\n\t<section class=\"section sectioncolored dark\" id=\"section_625319610\">\n\t\t<div class=\"section-bg fill\" >\n\t\t\t\t\t\t\t\t\t\n\t\t\t\n\n\t\t<\/div>\n\n\t\t\n\n\t\t<div class=\"section-content relative\">\n\t\t\t\n\n\t<div id=\"gap-784069144\" class=\"gap-element clearfix\" style=\"display:block; height:auto;\">\n\t\t\n<style>\n#gap-784069144 {\n  padding-top: 110px;\n}\n@media (min-width:550px) {\n  #gap-784069144 {\n    padding-top: 150px;\n  }\n}\n<\/style>\n\t<\/div>\n\t\n\n<div class=\"row\"  id=\"row-431070158\">\n\n\n\t<div id=\"col-706577572\" class=\"col small-12 large-12\"  >\n\t\t\t\t<div class=\"col-inner\"  >\n\t\t\t\n\t\t\t\n\n<h1>Conference \u2013 A Convenient Meeting Place<\/h1>\n\n\t\t<\/div>\n\t\t\t\t\n<style>\n#col-706577572 > .col-inner {\n  margin: 0px 0px -20px 0px;\n}\n@media (min-width:550px) {\n  #col-706577572 > .col-inner {\n    margin: 0px 0px -20px 0px;\n  }\n}\n@media (min-width:850px) {\n  #col-706577572 > .col-inner {\n    margin: 0px 0px -20px 0px;\n  }\n}\n<\/style>\n\t<\/div>\n\n\t\n\n\t<div id=\"col-1469328229\" class=\"col medium-6 small-12 large-6\"  >\n\t\t\t\t<div class=\"col-inner\"  >\n\t\t\t\n\t\t\t\n\n<p>We offer conferences with good food service in order for you to achieve results and have a comfortable stay together. Our location in the middle of southern Sweden along the E4 makes the V\u00e4tterleden an obvious place to meet.<\/p>\n<p>\u00a0<\/p>\n\n\t\t<\/div>\n\t\t\t\t\n<style>\n#col-1469328229 > .col-inner {\n  margin: 0px 0px -20px 0px;\n}\n@media (min-width:550px) {\n  #col-1469328229 > .col-inner {\n    margin: 0px 0px 0px 0px;\n  }\n}\n@media (min-width:850px) {\n  #col-1469328229 > .col-inner {\n    margin: 0px 0px 0 0px;\n  }\n}\n<\/style>\n\t<\/div>\n\n\t\n\n\t<div id=\"col-995322737\" class=\"col medium-6 small-12 large-6\"  >\n\t\t\t\t<div class=\"col-inner\"  >\n\t\t\t\n\t\t\t\n\n<p>We welcome guests from all over the country, everything from non-profit associations, local and regional businesses to dog clubs and car enthusiasts! The meeting is adapted to your needs and we are happy to help you with activities and arrangements!<\/p>\n\n\t\t<\/div>\n\t\t\t\t\t<\/div>\n\n\t\n\n<\/div>\n\t<div id=\"gap-307479596\" class=\"gap-element clearfix\" style=\"display:block; height:auto;\">\n\t\t\n<style>\n#gap-307479596 {\n  padding-top: 0px;\n}\n@media (min-width:550px) {\n  #gap-307479596 {\n    padding-top: 30px;\n  }\n}\n<\/style>\n\t<\/div>\n\t\n\n<div class=\"row iconboxrow\"  id=\"row-1629210550\">\n\n\n\t<div id=\"col-273004442\" class=\"col medium-3 small-6 large-3\"  >\n\t\t\t\t<div class=\"col-inner\"  >\n\t\t\t\n\t\t\t\n\n\n\t\t<div class=\"icon-box featured-box icon-box-top text-left\"  >\n\t\t\t\t\t<div class=\"icon-box-img\" style=\"width: 45px\">\n\t\t\t\t<div class=\"icon\">\n\t\t\t\t\t<div class=\"icon-inner\" style=\"color:rgb(255, 255, 255);\">\n\t\t\t\t\t\t<?xml version=\"1.0\" encoding=\"UTF-8\"?> <svg xmlns=\"http:\/\/www.w3.org\/2000\/svg\" height=\"48\" width=\"48\"><path d=\"M5.3 42.3v-3.4h4.75V5.7h20.2v2.25H38V38.9h4.7v3.4h-8.1V11.35h-4.35V42.3Zm8.15-33.2v29.8Zm8.85 16.95q.9 0 1.475-.575.575-.575.575-1.475 0-.9-.575-1.475-.575-.575-1.475-.575-.9 0-1.5.575T20.2 24q0 .9.6 1.475.6.575 1.5.575ZM13.45 38.9h13.4V9.1h-13.4Z\"><\/path><\/svg> \t\t\t\t\t<\/div>\n\t\t\t\t<\/div>\n\t\t\t<\/div>\n\t\t\t\t<div class=\"icon-box-text last-reset\">\n\t\t\t\t\t\t\t\t\t\n\n<h4 id=\"tw-target-text\" class=\"tw-data-text tw-text-large tw-ta\" dir=\"ltr\" data-placeholder=\"\u00d6vers\u00e4ttning\" data-ved=\"2ahUKEwjj_sjI9Y6DAxWBQVUIHXUIDtcQ3ewLegQIBRAP\"><span class=\"Y2IQFc\" lang=\"en\">Premises <\/span><\/h4>\n<p class=\"tw-data-text tw-text-large tw-ta\" dir=\"ltr\" data-placeholder=\"\u00d6vers\u00e4ttning\" data-ved=\"2ahUKEwjj_sjI9Y6DAxWBQVUIHXUIDtcQ3ewLegQIBRAP\"><span class=\"Y2IQFc\" lang=\"en\">V\u00e4tterleden has two meeting rooms and nice spaces for socializing, group activities and breaks. The <em>V\u00e4ttersalen<\/em> receives 40-50 guests and up to 100 guests in cinema seating. The <em>Gr\u00e4nna-room<\/em> is suitable for parties of up to 15-20 guests and up to 30 guests in cinema seating. <\/span><\/p>\n<p class=\"tw-data-text tw-text-large tw-ta\" dir=\"ltr\" data-placeholder=\"\u00d6vers\u00e4ttning\" data-ved=\"2ahUKEwjj_sjI9Y6DAxWBQVUIHXUIDtcQ3ewLegQIBRAP\"><span class=\"Y2IQFc\" lang=\"en\"><em>Premises rent incl. fruit, wifi and conference materials are included when booking a conference package for at least 18 and 9 guests respectively.<\/em><\/span><\/p>\n<p>&nbsp;<\/p>\n\n\t\t<\/div>\n\t<\/div>\n\t\n\t\n\n\t\t<\/div>\n\t\t\t\t\t<\/div>\n\n\t\n\n\t<div id=\"col-1866235859\" class=\"col medium-3 small-6 large-3\"  >\n\t\t\t\t<div class=\"col-inner\"  >\n\t\t\t\n\t\t\t\n\n\n\t\t<div class=\"icon-box featured-box icon-box-top text-left\"  >\n\t\t\t\t\t<div class=\"icon-box-img\" style=\"width: 45px\">\n\t\t\t\t<div class=\"icon\">\n\t\t\t\t\t<div class=\"icon-inner\" style=\"color:rgb(255, 255, 255);\">\n\t\t\t\t\t\t<?xml version=\"1.0\" encoding=\"UTF-8\"?> <svg xmlns=\"http:\/\/www.w3.org\/2000\/svg\" height=\"48\" width=\"48\"><path d=\"M9.05 38.5h-2l-1-4.2H3.7v-11q0-1.3.85-2.275.85-.975 2.15-1.075H8V13.1q0-1.4 1-2.4t2.4-1h25.15q1.4 0 2.4 1t1 2.4v6.85h1.35q1.25.1 2.125 1.05.875.95.875 2.2v11.1h-2.35l-1 4.2h-2l-1-4.2H10.1ZM25.5 20.2h11.05v-7.1H25.5Zm-14.1 0h11.1v-7.1H11.4ZM7.1 30.9h33.8v-7.7H7.1Zm33.8 0H7.1h33.8Z\"><\/path><\/svg> \t\t\t\t\t<\/div>\n\t\t\t\t<\/div>\n\t\t\t<\/div>\n\t\t\t\t<div class=\"icon-box-text last-reset\">\n\t\t\t\t\t\t\t\t\t\n\n<h4>Accommodation<\/h4>\n<p>Stay overnight with us in connection with your meeting and stay in our nice hotel rooms. Start the day with a good breakfast buffet. Single or double room but also triple room.<\/p>\n<p>The car is parked outside the rooms for free.\u00a0<br \/><br \/><\/p>\n<p data-sourcepos=\"3:1-3:137\">For those who need to charge their car, there are 20 Tesla Superchargers open to all, as well as chargers from Recharge at the facility.<\/p>\n\n\t\t<\/div>\n\t<\/div>\n\t\n\t\n\n\t\t<\/div>\n\t\t\t\t\t<\/div>\n\n\t\n\n\t<div id=\"col-1508844262\" class=\"col medium-3 small-6 large-3\"  >\n\t\t\t\t<div class=\"col-inner\"  >\n\t\t\t\n\t\t\t\n\n\n\t\t<div class=\"icon-box featured-box icon-box-top text-left\"  >\n\t\t\t\t\t<div class=\"icon-box-img\" style=\"width: 45px\">\n\t\t\t\t<div class=\"icon\">\n\t\t\t\t\t<div class=\"icon-inner\" style=\"color:rgb(255, 255, 255);\">\n\t\t\t\t\t\t<?xml version=\"1.0\" encoding=\"UTF-8\"?> <svg xmlns=\"http:\/\/www.w3.org\/2000\/svg\" height=\"48\" width=\"48\"><path d=\"M14.1 44.15v-18.4q-2.65-.55-4.575-2.7Q7.6 20.9 7.6 17.85v-14h3.25v14h3.25v-14h3.3v14h3.25v-14h3.25v14q0 3.05-1.925 5.2-1.925 2.15-4.575 2.7v18.4Zm21.2 0v-16h-5.75v-15.4q0-4.05 2.475-6.475T38.55 3.85v40.3Z\"><\/path><\/svg> \t\t\t\t\t<\/div>\n\t\t\t\t<\/div>\n\t\t\t<\/div>\n\t\t\t\t<div class=\"icon-box-text last-reset\">\n\t\t\t\t\t\t\t\t\t\n\n<h4>Eat<\/h4>\n<p>Tasty and nice food is important and we are careful about what is served to our guests. We listen to your wishes and food preferences. The restaurant has rights to serve alcohol.<\/p>\n\n\t\t<\/div>\n\t<\/div>\n\t\n\t\n\n\t\t<\/div>\n\t\t\t\t\t<\/div>\n\n\t\n\n\t<div id=\"col-1527113656\" class=\"col medium-3 small-6 large-3\"  >\n\t\t\t\t<div class=\"col-inner\"  >\n\t\t\t\n\t\t\t\n\n\n\t\t<div class=\"icon-box featured-box icon-box-top text-left\"  >\n\t\t\t\t\t<div class=\"icon-box-img\" style=\"width: 45px\">\n\t\t\t\t<div class=\"icon\">\n\t\t\t\t\t<div class=\"icon-inner\" style=\"color:rgb(255, 255, 255);\">\n\t\t\t\t\t\t<?xml version=\"1.0\" encoding=\"UTF-8\"?> <svg xmlns=\"http:\/\/www.w3.org\/2000\/svg\" height=\"48\" width=\"48\"><path d=\"M-.15 36.15v-2.8q0-2.05 2.15-3.275t5.5-1.225q.55 0 1.05.025t.95.075q-.4.9-.6 1.825-.2.925-.2 1.975v3.4Zm12 0v-3.4q0-3.3 3.375-5.35T24 25.35q5.45 0 8.8 2.05 3.35 2.05 3.35 5.35v3.4Zm27.45 0v-3.4q0-1.05-.175-1.975t-.575-1.825q.45-.05.95-.075.5-.025 1-.025 3.45 0 5.55 1.225 2.1 1.225 2.1 3.275v2.8ZM24 28.6q-3.8 0-6.225 1.125T15.25 32.65v.25h17.5v-.3q-.1-1.75-2.5-2.875T24 28.6ZM7.5 27.4q-1.5 0-2.55-1.05Q3.9 25.3 3.9 23.8q0-1.5 1.05-2.55Q6 20.2 7.5 20.2q1.5 0 2.55 1.05 1.05 1.05 1.05 2.55 0 1.5-1.05 2.55Q9 27.4 7.5 27.4Zm33 0q-1.5 0-2.55-1.05-1.05-1.05-1.05-2.55 0-1.5 1.05-2.55Q39 20.2 40.5 20.2q1.5 0 2.55 1.05 1.05 1.05 1.05 2.55 0 1.5-1.05 2.55Q42 27.4 40.5 27.4ZM24 23.85q-2.55 0-4.35-1.775-1.8-1.775-1.8-4.375t1.8-4.35q1.8-1.75 4.35-1.75 2.6 0 4.375 1.75t1.775 4.35q0 2.6-1.775 4.375T24 23.85Zm0-9.05q-1.2 0-2.05.825-.85.825-.85 2.075 0 1.25.825 2.1.825.85 2.075.85 1.25 0 2.075-.85.825-.85.825-2.1t-.825-2.075Q25.25 14.8 24 14.8Zm0 18.1Zm0-15.2Z\"><\/path><\/svg> \t\t\t\t\t<\/div>\n\t\t\t\t<\/div>\n\t\t\t<\/div>\n\t\t\t\t<div class=\"icon-box-text last-reset\">\n\t\t\t\t\t\t\t\t\t\n\n<h4>Prices<\/h4>\n<p>Day package from SEK 400\/p Meeting room, swedish fika, lunch &amp; swedish fika.<\/p>\n<p>Full pension from SEK 1150\/p Meeting room, swedish fikae, lunch, swedish fika, two-course dinner, accommodation &amp; breakfast<\/p>\n<p>Let us put together an offer for you, contact us!<\/p>\n\n\t\t<\/div>\n\t<\/div>\n\t\n\t\n\n\t\t<\/div>\n\t\t\t\t\t<\/div>\n\n\t\n\n<\/div>\n\t<div id=\"gap-970049339\" class=\"gap-element clearfix\" style=\"display:block; height:auto;\">\n\t\t\n<style>\n#gap-970049339 {\n  padding-top: 15px;\n}\n@media (min-width:550px) {\n  #gap-970049339 {\n    padding-top: 30px;\n  }\n}\n<\/style>\n\t<\/div>\n\t\n\n<div class=\"row\"  id=\"row-837892397\">\n\n\n\t<div id=\"col-711149872\" class=\"col small-12 large-12\"  >\n\t\t\t\t<div class=\"col-inner text-center\"  >\n\t\t\t\n\t\t\t\n\n\t<div id=\"text-1799971825\" class=\"text boldtext\">\n\t\t\n\n<p>Day conference from SEK <span style=\"color: #f57266!important;\">400\/p<\/span>.<br \/>Contact us to put together your conference package.<\/p>\n\n\t\t\t<\/div>\n\t\n<a href=\"\/en\/contact\/\" class=\"button alert buttonlength\"  >\n\t\t<span>Contact Us<\/span>\n\t<\/a>\n\n\n\n\t\t<\/div>\n\t\t\t\t\t<\/div>\n\n\t\n\n<\/div>\n\t<div id=\"gap-1461470134\" class=\"gap-element clearfix\" style=\"display:block; height:auto;\">\n\t\t\n<style>\n#gap-1461470134 {\n  padding-top: 15px;\n}\n@media (min-width:550px) {\n  #gap-1461470134 {\n    padding-top: 30px;\n  }\n}\n<\/style>\n\t<\/div>\n\t\n\n<div class=\"row\"  id=\"row-1847070435\">\n\n\n\t<div id=\"col-1897908329\" class=\"col medium-4 small-12 large-4\"  >\n\t\t\t\t<div class=\"col-inner\"  >\n\t\t\t\n\t\t\t\n\n\n  <div class=\"banner has-hover\" id=\"banner-1742537441\">\n          <div class=\"banner-inner fill\">\n        <div class=\"banner-bg fill\" >\n            <img loading=\"lazy\" decoding=\"async\" width=\"960\" height=\"638\" src=\"https:\/\/www.vatterleden.se\/wp-content\/uploads\/2023\/03\/DSC01595-960x638.jpg\" class=\"bg attachment-medium size-medium\" alt=\"\" \/>                                    \n                    <\/div>\n\t\t\n        <div class=\"banner-layers container\">\n            <div class=\"fill banner-link\"><\/div>            \n\n\n        <\/div>\n      <\/div>\n\n            \n<style>\n#banner-1742537441 {\n  padding-top: 200px;\n}\n#banner-1742537441 .banner-bg img {\n  object-position: 35% 68%;\n}\n@media (min-width:550px) {\n  #banner-1742537441 {\n    padding-top: 300px;\n  }\n}\n@media (min-width:850px) {\n  #banner-1742537441 {\n    padding-top: 115%;\n  }\n}\n<\/style>\n  <\/div>\n\n\n\n\t\t<\/div>\n\t\t\t\t\n<style>\n#col-1897908329 > .col-inner {\n  margin: 0px 0px 0 0px;\n}\n@media (min-width:550px) {\n  #col-1897908329 > .col-inner {\n    margin: 0px 0px -30px 0px;\n  }\n}\n@media (min-width:850px) {\n  #col-1897908329 > .col-inner {\n    margin: 0px 0px -30px 0px;\n  }\n}\n<\/style>\n\t<\/div>\n\n\t\n\n\t<div id=\"col-99663794\" class=\"col medium-4 small-12 large-4\"  >\n\t\t\t\t<div class=\"col-inner\"  >\n\t\t\t\n\t\t\t\n\n\n  <div class=\"banner has-hover\" id=\"banner-1578247840\">\n          <div class=\"banner-inner fill\">\n        <div class=\"banner-bg fill\" >\n            <img loading=\"lazy\" decoding=\"async\" width=\"960\" height=\"638\" src=\"https:\/\/www.vatterleden.se\/wp-content\/uploads\/2023\/03\/DSC01608-960x638.jpg\" class=\"bg attachment-medium size-medium\" alt=\"\" \/>                                    \n                    <\/div>\n\t\t\n        <div class=\"banner-layers container\">\n            <div class=\"fill banner-link\"><\/div>            \n\n\n        <\/div>\n      <\/div>\n\n            \n<style>\n#banner-1578247840 {\n  padding-top: 200px;\n}\n#banner-1578247840 .banner-bg img {\n  object-position: 32% 72%;\n}\n@media (min-width:550px) {\n  #banner-1578247840 {\n    padding-top: 300px;\n  }\n}\n@media (min-width:850px) {\n  #banner-1578247840 {\n    padding-top: 115%;\n  }\n}\n<\/style>\n  <\/div>\n\n\n\n\t\t<\/div>\n\t\t\t\t\n<style>\n#col-99663794 > .col-inner {\n  margin: 0px 0px 0 0px;\n}\n@media (min-width:550px) {\n  #col-99663794 > .col-inner {\n    margin: 0px 0px -30px 0px;\n  }\n}\n@media (min-width:850px) {\n  #col-99663794 > .col-inner {\n    margin: 0px 0px -30px 0px;\n  }\n}\n<\/style>\n\t<\/div>\n\n\t\n\n\t<div id=\"col-2129058419\" class=\"col medium-4 small-12 large-4\"  >\n\t\t\t\t<div class=\"col-inner\"  >\n\t\t\t\n\t\t\t\n\n\n  <div class=\"banner has-hover\" id=\"banner-379906613\">\n          <div class=\"banner-inner fill\">\n        <div class=\"banner-bg fill\" >\n            <img loading=\"lazy\" decoding=\"async\" width=\"960\" height=\"1445\" src=\"https:\/\/www.vatterleden.se\/wp-content\/uploads\/2023\/03\/DSC01208-960x1445.jpg\" class=\"bg attachment-medium size-medium\" alt=\"\" \/>                                    \n                    <\/div>\n\t\t\n        <div class=\"banner-layers container\">\n            <div class=\"fill banner-link\"><\/div>            \n\n\n        <\/div>\n      <\/div>\n\n            \n<style>\n#banner-379906613 {\n  padding-top: 200px;\n}\n#banner-379906613 .banner-bg img {\n  object-position: 55% 47%;\n}\n@media (min-width:550px) {\n  #banner-379906613 {\n    padding-top: 300px;\n  }\n}\n@media (min-width:850px) {\n  #banner-379906613 {\n    padding-top: 115%;\n  }\n}\n<\/style>\n  <\/div>\n\n\n\n\t\t<\/div>\n\t\t\t\t\n<style>\n#col-2129058419 > .col-inner {\n  margin: 0px 0px -30px 0px;\n}\n@media (min-width:850px) {\n  #col-2129058419 > .col-inner {\n    margin: 0px 0px -30px 0px;\n  }\n}\n<\/style>\n\t<\/div>\n\n\t\n\n<\/div>\n\n\t\t<\/div>\n\n\t\t\n<style>\n#section_625319610 {\n  padding-top: 0px;\n  padding-bottom: 0px;\n  background-color: #376083;\n}\n<\/style>\n\t<\/section>\n\t\n\n\t<section class=\"section index12\" id=\"section_252864441\">\n\t\t<div class=\"section-bg fill\" >\n\t\t\t\t\t\t\t\t\t\n\t\t\t\n\n\t\t<\/div>\n\n\t\t\n\n\t\t<div class=\"section-content relative\">\n\t\t\t\n\n\t<div id=\"gap-1405882091\" class=\"gap-element clearfix\" style=\"display:block; height:auto;\">\n\t\t\n<style>\n#gap-1405882091 {\n  padding-top: 45px;\n}\n@media (min-width:550px) {\n  #gap-1405882091 {\n    padding-top: 143px;\n  }\n}\n@media (min-width:850px) {\n  #gap-1405882091 {\n    padding-top: 239px;\n  }\n}\n<\/style>\n\t<\/div>\n\t\n\n\n\t\t<\/div>\n\n\t\t\n<style>\n#section_252864441 {\n  padding-top: 0px;\n  padding-bottom: 0px;\n  background-color: rgb(255, 255, 255);\n}\n<\/style>\n\t<\/section>\n\t\n\n\t<section class=\"section\" id=\"section_150451226\">\n\t\t<div class=\"section-bg fill\" >\n\t\t\t\t\t\t\t\t\t\n\t\t\t\n\n\t\t<\/div>\n\n\t\t\n\n\t\t<div class=\"section-content relative\">\n\t\t\t\n\n\t<div id=\"gap-1752920294\" class=\"gap-element clearfix\" style=\"display:block; height:auto;\">\n\t\t\n<style>\n#gap-1752920294 {\n  padding-top: 70px;\n}\n@media (min-width:550px) {\n  #gap-1752920294 {\n    padding-top: 70px;\n  }\n}\n@media (min-width:850px) {\n  #gap-1752920294 {\n    padding-top: 110px;\n  }\n}\n<\/style>\n\t<\/div>\n\t\n\n<div class=\"row align-center\"  id=\"row-869845578\">\n\n\n\t<div id=\"col-363368208\" class=\"col medium-8 small-12 large-7\"  >\n\t\t\t\t<div class=\"col-inner\"  >\n\t\t\t\n\t\t\t\n\n\t<div id=\"text-2799173637\" class=\"text\">\n\t\t\n\n<h3>Find Us<\/h3>\n<p>It is easy to find Hotel V\u00e4tterleden.\u00a0We are located along the E4 between J\u00f6nk\u00f6ping and Gr\u00e4nna. You are welcome to book a room or come in to eat.<\/p>\n\n\t\t\n<style>\n#text-2799173637 {\n  text-align: center;\n}\n@media (min-width:550px) {\n  #text-2799173637 {\n    text-align: center;\n  }\n}\n<\/style>\n\t<\/div>\n\t\n\n\t\t<\/div>\n\t\t\t\t\t<\/div>\n\n\t\n\n<\/div>\n\t<div id=\"gap-1312815003\" class=\"gap-element clearfix\" style=\"display:block; height:auto;\">\n\t\t\n<style>\n#gap-1312815003 {\n  padding-top: 20px;\n}\n@media (min-width:850px) {\n  #gap-1312815003 {\n    padding-top: 60px;\n  }\n}\n<\/style>\n\t<\/div>\n\t\n\n\n\t\t<\/div>\n\n\t\t\n<style>\n#section_150451226 {\n  padding-top: 0px;\n  padding-bottom: 0px;\n}\n<\/style>\n\t<\/section>\n\t\n\n\n","protected":false},"excerpt":{"rendered":"","protected":false},"author":1,"featured_media":5941,"parent":0,"menu_order":0,"comment_status":"closed","ping_status":"closed","template":"page-blank.php","meta":{"_acf_changed":false,"footnotes":""},"class_list":["post-6253","page","type-page","status-publish","has-post-thumbnail","hentry"],"acf":[],"yoast_head":"<!-- This site is optimized with the Yoast SEO plugin v27.4 - https:\/\/yoast.com\/product\/yoast-seo-wordpress\/ -->\n<title>Conference | V\u00e4tterleden<\/title>\n<meta name=\"description\" content=\"With us at V\u00e4tterleden, you are in safe hands, whether it is a conference, meeting, kickoff or a company dinner. Get in touch with your wishes!\" \/>\n<meta name=\"robots\" content=\"index, follow, max-snippet:-1, max-image-preview:large, max-video-preview:-1\" \/>\n<link rel=\"canonical\" href=\"https:\/\/www.vatterleden.se\/en\/conference\/\" \/>\n<meta property=\"og:locale\" content=\"en_US\" \/>\n<meta property=\"og:type\" content=\"article\" \/>\n<meta property=\"og:title\" content=\"Conference | V\u00e4tterleden\" \/>\n<meta property=\"og:description\" content=\"With us at V\u00e4tterleden, you are in safe hands, whether it is a conference, meeting, kickoff or a company dinner. Get in touch with your wishes!\" \/>\n<meta property=\"og:url\" content=\"https:\/\/www.vatterleden.se\/en\/conference\/\" \/>\n<meta property=\"og:site_name\" content=\"V\u00e4tterleden\" \/>\n<meta property=\"article:modified_time\" content=\"2025-01-28T09:38:26+00:00\" \/>\n<meta property=\"og:image\" content=\"https:\/\/www.vatterleden.se\/wp-content\/uploads\/2023\/03\/DSC01608.jpg\" \/>\n\t<meta property=\"og:image:width\" content=\"1920\" \/>\n\t<meta property=\"og:image:height\" content=\"1276\" \/>\n\t<meta property=\"og:image:type\" content=\"image\/jpeg\" \/>\n<meta name=\"twitter:card\" content=\"summary_large_image\" \/>\n<meta name=\"twitter:label1\" content=\"Est. reading time\" \/>\n\t<meta name=\"twitter:data1\" content=\"3 minutes\" \/>\n<script type=\"application\/ld+json\" class=\"yoast-schema-graph\">{\"@context\":\"https:\\\/\\\/schema.org\",\"@graph\":[{\"@type\":\"WebPage\",\"@id\":\"https:\\\/\\\/www.vatterleden.se\\\/en\\\/conference\\\/\",\"url\":\"https:\\\/\\\/www.vatterleden.se\\\/en\\\/conference\\\/\",\"name\":\"Conference | V\u00e4tterleden\",\"isPartOf\":{\"@id\":\"https:\\\/\\\/www.vatterleden.se\\\/#website\"},\"primaryImageOfPage\":{\"@id\":\"https:\\\/\\\/www.vatterleden.se\\\/en\\\/conference\\\/#primaryimage\"},\"image\":{\"@id\":\"https:\\\/\\\/www.vatterleden.se\\\/en\\\/conference\\\/#primaryimage\"},\"thumbnailUrl\":\"https:\\\/\\\/www.vatterleden.se\\\/wp-content\\\/uploads\\\/2023\\\/03\\\/DSC01608.jpg\",\"datePublished\":\"2023-03-24T09:16:52+00:00\",\"dateModified\":\"2025-01-28T09:38:26+00:00\",\"description\":\"With us at V\u00e4tterleden, you are in safe hands, whether it is a conference, meeting, kickoff or a company dinner. Get in touch with your wishes!\",\"breadcrumb\":{\"@id\":\"https:\\\/\\\/www.vatterleden.se\\\/en\\\/conference\\\/#breadcrumb\"},\"inLanguage\":\"en-US\",\"potentialAction\":[{\"@type\":\"ReadAction\",\"target\":[\"https:\\\/\\\/www.vatterleden.se\\\/en\\\/conference\\\/\"]}]},{\"@type\":\"ImageObject\",\"inLanguage\":\"en-US\",\"@id\":\"https:\\\/\\\/www.vatterleden.se\\\/en\\\/conference\\\/#primaryimage\",\"url\":\"https:\\\/\\\/www.vatterleden.se\\\/wp-content\\\/uploads\\\/2023\\\/03\\\/DSC01608.jpg\",\"contentUrl\":\"https:\\\/\\\/www.vatterleden.se\\\/wp-content\\\/uploads\\\/2023\\\/03\\\/DSC01608.jpg\",\"width\":1920,\"height\":1276},{\"@type\":\"BreadcrumbList\",\"@id\":\"https:\\\/\\\/www.vatterleden.se\\\/en\\\/conference\\\/#breadcrumb\",\"itemListElement\":[{\"@type\":\"ListItem\",\"position\":1,\"name\":\"Hem\",\"item\":\"https:\\\/\\\/www.vatterleden.se\\\/en\\\/\"},{\"@type\":\"ListItem\",\"position\":2,\"name\":\"Conference\"}]},{\"@type\":\"WebSite\",\"@id\":\"https:\\\/\\\/www.vatterleden.se\\\/#website\",\"url\":\"https:\\\/\\\/www.vatterleden.se\\\/\",\"name\":\"V\u00e4tterleden\",\"description\":\"\",\"potentialAction\":[{\"@type\":\"SearchAction\",\"target\":{\"@type\":\"EntryPoint\",\"urlTemplate\":\"https:\\\/\\\/www.vatterleden.se\\\/?s={search_term_string}\"},\"query-input\":{\"@type\":\"PropertyValueSpecification\",\"valueRequired\":true,\"valueName\":\"search_term_string\"}}],\"inLanguage\":\"en-US\"}]}<\/script>\n<!-- \/ Yoast SEO plugin. -->","yoast_head_json":{"title":"Conference | V\u00e4tterleden","description":"With us at V\u00e4tterleden, you are in safe hands, whether it is a conference, meeting, kickoff or a company dinner. Get in touch with your wishes!","robots":{"index":"index","follow":"follow","max-snippet":"max-snippet:-1","max-image-preview":"max-image-preview:large","max-video-preview":"max-video-preview:-1"},"canonical":"https:\/\/www.vatterleden.se\/en\/conference\/","og_locale":"en_US","og_type":"article","og_title":"Conference | V\u00e4tterleden","og_description":"With us at V\u00e4tterleden, you are in safe hands, whether it is a conference, meeting, kickoff or a company dinner. Get in touch with your wishes!","og_url":"https:\/\/www.vatterleden.se\/en\/conference\/","og_site_name":"V\u00e4tterleden","article_modified_time":"2025-01-28T09:38:26+00:00","og_image":[{"width":1920,"height":1276,"url":"https:\/\/www.vatterleden.se\/wp-content\/uploads\/2023\/03\/DSC01608.jpg","type":"image\/jpeg"}],"twitter_card":"summary_large_image","twitter_misc":{"Est. reading time":"3 minutes"},"schema":{"@context":"https:\/\/schema.org","@graph":[{"@type":"WebPage","@id":"https:\/\/www.vatterleden.se\/en\/conference\/","url":"https:\/\/www.vatterleden.se\/en\/conference\/","name":"Conference | V\u00e4tterleden","isPartOf":{"@id":"https:\/\/www.vatterleden.se\/#website"},"primaryImageOfPage":{"@id":"https:\/\/www.vatterleden.se\/en\/conference\/#primaryimage"},"image":{"@id":"https:\/\/www.vatterleden.se\/en\/conference\/#primaryimage"},"thumbnailUrl":"https:\/\/www.vatterleden.se\/wp-content\/uploads\/2023\/03\/DSC01608.jpg","datePublished":"2023-03-24T09:16:52+00:00","dateModified":"2025-01-28T09:38:26+00:00","description":"With us at V\u00e4tterleden, you are in safe hands, whether it is a conference, meeting, kickoff or a company dinner. Get in touch with your wishes!","breadcrumb":{"@id":"https:\/\/www.vatterleden.se\/en\/conference\/#breadcrumb"},"inLanguage":"en-US","potentialAction":[{"@type":"ReadAction","target":["https:\/\/www.vatterleden.se\/en\/conference\/"]}]},{"@type":"ImageObject","inLanguage":"en-US","@id":"https:\/\/www.vatterleden.se\/en\/conference\/#primaryimage","url":"https:\/\/www.vatterleden.se\/wp-content\/uploads\/2023\/03\/DSC01608.jpg","contentUrl":"https:\/\/www.vatterleden.se\/wp-content\/uploads\/2023\/03\/DSC01608.jpg","width":1920,"height":1276},{"@type":"BreadcrumbList","@id":"https:\/\/www.vatterleden.se\/en\/conference\/#breadcrumb","itemListElement":[{"@type":"ListItem","position":1,"name":"Hem","item":"https:\/\/www.vatterleden.se\/en\/"},{"@type":"ListItem","position":2,"name":"Conference"}]},{"@type":"WebSite","@id":"https:\/\/www.vatterleden.se\/#website","url":"https:\/\/www.vatterleden.se\/","name":"V\u00e4tterleden","description":"","potentialAction":[{"@type":"SearchAction","target":{"@type":"EntryPoint","urlTemplate":"https:\/\/www.vatterleden.se\/?s={search_term_string}"},"query-input":{"@type":"PropertyValueSpecification","valueRequired":true,"valueName":"search_term_string"}}],"inLanguage":"en-US"}]}},"_links":{"self":[{"href":"https:\/\/www.vatterleden.se\/en\/wp-json\/wp\/v2\/pages\/6253","targetHints":{"allow":["GET"]}}],"collection":[{"href":"https:\/\/www.vatterleden.se\/en\/wp-json\/wp\/v2\/pages"}],"about":[{"href":"https:\/\/www.vatterleden.se\/en\/wp-json\/wp\/v2\/types\/page"}],"author":[{"embeddable":true,"href":"https:\/\/www.vatterleden.se\/en\/wp-json\/wp\/v2\/users\/1"}],"replies":[{"embeddable":true,"href":"https:\/\/www.vatterleden.se\/en\/wp-json\/wp\/v2\/comments?post=6253"}],"version-history":[{"count":27,"href":"https:\/\/www.vatterleden.se\/en\/wp-json\/wp\/v2\/pages\/6253\/revisions"}],"predecessor-version":[{"id":7325,"href":"https:\/\/www.vatterleden.se\/en\/wp-json\/wp\/v2\/pages\/6253\/revisions\/7325"}],"wp:featuredmedia":[{"embeddable":true,"href":"https:\/\/www.vatterleden.se\/en\/wp-json\/wp\/v2\/media\/5941"}],"wp:attachment":[{"href":"https:\/\/www.vatterleden.se\/en\/wp-json\/wp\/v2\/media?parent=6253"}],"curies":[{"name":"wp","href":"https:\/\/api.w.org\/{rel}","templated":true}]}}